{"id":867,"date":"2014-07-22T13:04:35","date_gmt":"2014-07-22T13:04:35","guid":{"rendered":"http:\/\/www.apolinav.cl\/proyecto\/?page_id=867"},"modified":"2014-08-25T19:01:55","modified_gmt":"2014-08-25T19:01:55","slug":"habivina","status":"publish","type":"page","link":"https:\/\/www.apolinav.cl\/index.php\/campus\/habivina\/","title":{"rendered":"Habivi\u00f1a"},"content":{"rendered":"<p style=\"text-align: justify;\">Dependencias de la antigua Escuela de Armamentos que hoy alberga a los j\u00f3venes alumnos marineros que cursan en los diferentes Campus de la A.P.N. Estas habitabilidades est\u00e1n dise\u00f1adas en el bienestar y camarader\u00eda de nuestros futuros profesionales.<\/p>\n<p><strong>\u00a0<\/strong><\/p>\n","protected":false},"excerpt":{"rendered":"<p>Dependencias de la antigua Escuela de Armamentos que hoy alberga a los j\u00f3venes alumnos marineros que cursan en los diferentes Campus de la A.P.N. Estas habitabilidades est\u00e1n dise\u00f1adas en el bienestar y camarader\u00eda de nuestros futuros profesionales. \u00a0<\/p>\n","protected":false},"author":5,"featured_media":0,"parent":790,"menu_order":0,"comment_status":"open","ping_status":"open","template":"","meta":{"footnotes":""},"class_list":["post-867","page","type-page","status-publish","hentry"],"_links":{"self":[{"href":"https:\/\/www.apolinav.cl\/index.php\/wp-json\/wp\/v2\/pages\/867","targetHints":{"allow":["GET"]}}],"collection":[{"href":"https:\/\/www.apolinav.cl\/index.php\/wp-json\/wp\/v2\/pages"}],"about":[{"href":"https:\/\/www.apolinav.cl\/index.php\/wp-json\/wp\/v2\/types\/page"}],"author":[{"embeddable":true,"href":"https:\/\/www.apolinav.cl\/index.php\/wp-json\/wp\/v2\/users\/5"}],"replies":[{"embeddable":true,"href":"https:\/\/www.apolinav.cl\/index.php\/wp-json\/wp\/v2\/comments?post=867"}],"version-history":[{"count":2,"href":"https:\/\/www.apolinav.cl\/index.php\/wp-json\/wp\/v2\/pages\/867\/revisions"}],"predecessor-version":[{"id":1470,"href":"https:\/\/www.apolinav.cl\/index.php\/wp-json\/wp\/v2\/pages\/867\/revisions\/1470"}],"up":[{"embeddable":true,"href":"https:\/\/www.apolinav.cl\/index.php\/wp-json\/wp\/v2\/pages\/790"}],"wp:attachment":[{"href":"https:\/\/www.apolinav.cl\/index.php\/wp-json\/wp\/v2\/media?parent=867"}],"curies":[{"name":"wp","href":"https:\/\/api.w.org\/{rel}","templated":true}]}}