{"id":863,"date":"2014-07-22T13:02:50","date_gmt":"2014-07-22T13:02:50","guid":{"rendered":"http:\/\/www.apolinav.cl\/proyecto\/?page_id=863"},"modified":"2019-05-16T19:13:01","modified_gmt":"2019-05-16T19:13:01","slug":"campus-hyatt","status":"publish","type":"page","link":"https:\/\/www.apolinav.cl\/index.php\/campus\/campus-hyatt\/","title":{"rendered":"Campus Hyatt"},"content":{"rendered":"[vc_row][vc_column][vc_column_text]El Campus Hyatt, que agrupa las Escuela de Ingenier\u00eda, Armamento, Operaciones, Buceo, Inteligencia y Sanidad Naval, tiene como tarea fundamental instruir y capacitar al personal de la Instituci\u00f3n en las \u00e1reas de artiller\u00eda, torpedos y mantenci\u00f3n de los complejos sistemas de propulsi\u00f3n naval; formar al personal de enfermeros en la importante labor de mantener la salud del personal institucional. Adem\u00e1s, desarrollar los conocimientos y habilidades en el \u00e1rea de buceo para efectuar trabajos de rescate y salvataje en cualquier zona geogr\u00e1fica del pa\u00eds.[\/vc_column_text][\/vc_column][\/vc_row][vc_row][vc_column width=&#8221;1\/2&#8243;][vc_single_image image=&#8221;9191&#8243; img_size=&#8221;490\u00d7350&#8243; alignment=&#8221;center&#8221;][vc_column_text]\n<p style=\"text-align: justify;\">ESCUELA DE ARMAMENTOS<\/p>\n<p style=\"text-align: justify;\"><strong>Rese\u00f1a hist\u00f3rica<\/strong><\/p>\n<p style=\"text-align: justify;\">El Gobierno del Almirante Jorge Montt \u00c1lvarez dispuso la creaci\u00f3n de la \u201cEscuela de Artiller\u00eda Naval\u201d, mediante Decreto Supremo fechado el 2 de diciembre de 1892. \u00c9sta en ese entonces fue considerada como un Centro de Formaci\u00f3n de Condestables, Ayudantes de Condestables, Artilleros y Torpedistas, que funcion\u00f3 a bordo del Blindado \u201cCochrane\u201d. Luego de varios intentos para llevar el establecimiento a tierra, por fin se logr\u00f3 concretar su traslado en el a\u00f1o 1943, cuando se inaugur\u00f3 el edificio actual en la Recta Las Salinas en Vi\u00f1a del Mar, con el nombre de Escuela de Armamentos.<\/p>\n<p style=\"text-align: justify;\"><strong>Ubicaci\u00f3n<\/strong><\/p>\n<p style=\"text-align: justify;\">La Escuela de Armamentos, actualmente se encuentra ubicada en Recta Las Salinas, al interior del Campus Hyatt, con dependencia militar, docente y administrativa de la Academia Polit\u00e9cnica Naval.<\/p>\n[\/vc_column_text][\/vc_column][vc_column width=&#8221;1\/2&#8243;][vc_single_image image=&#8221;9284&#8243; img_size=&#8221;490\u00d7350&#8243; alignment=&#8221;center&#8221;][vc_column_text]\n<p style=\"text-align: justify;\">ESCUELA DE SANIDAD NAVAL<\/p>\n<p style=\"text-align: justify;\"><strong>Rese\u00f1a hist\u00f3rica<\/strong><\/p>\n<p style=\"text-align: justify;\">El a\u00f1o 1942 se crea la &#8220;Escuela de Enfermeros de la Armada&#8221;, con asiento en el Hospital Naval \u201cAlmirante Nef\u201d de Valpara\u00edso, nace bajo el alero y la dependencia de la Direcci\u00f3n de Instrucci\u00f3n de la Armada, funcionando como Escuela en dependencias facilitadas en el cuarto piso del hospital, hasta el a\u00f1o 1955.<\/p>\n<p style=\"text-align: justify;\">Sus primeros docentes fueron los Oficiales de Sanidad de dotaci\u00f3n del hospital. Los cursos duraban dos a\u00f1os, recibiendo el alumno, posterior a la aprobaci\u00f3n de todos los requisitos y exigencias acad\u00e9micas, el t\u00edtulo de Enfermero Naval.<\/p>\n<p style=\"text-align: justify;\">El 5 de diciembre de 1961, siendo Director de Sanidad de la Armada el Contralmirante SN Sr. Luis Noziglia Barbagelata, se inician los trabajos de construcci\u00f3n de un edificio, contiguo al Hospital Naval de Valpara\u00edso, que se constituir\u00eda en la sede definitiva de la Escuela, cuya denominaci\u00f3n cambia el a\u00f1o 1962 a \u201cEscuela de Sanidad Naval\u201d.<\/p>\n<p style=\"text-align: justify;\"><strong>Ubicaci\u00f3n<\/strong><\/p>\n<p style=\"text-align: justify;\">En la actualidad, la Escuela de Sanidad forma parte del Campus Hyatt, dependiente de la Academia Polit\u00e9cnica Naval.<\/p>\n[\/vc_column_text][\/vc_column][\/vc_row][vc_row][vc_column width=&#8221;1\/2&#8243;][vc_single_image image=&#8221;9206&#8243; img_size=&#8221;490\u00d7350&#8243; alignment=&#8221;center&#8221;][vc_column_text]\n<p style=\"text-align: justify;\">ESCUELA DE INGENIER\u00cdA NAVAL<\/p>\n<p style=\"text-align: justify;\"><strong>Rese\u00f1a hist\u00f3rica<\/strong><\/p>\n<p style=\"text-align: justify;\">Los inicios de la Escuela de Ingenier\u00eda Naval, se remontan al 25 de abril de 1889, con la creaci\u00f3n mediante decreto 611, firmado por el Presidente Balmaceda, de la Escuela de Fogoneros, destinada a la preparaci\u00f3n de Oficiales y Gente de Mar, para la operaci\u00f3n de las plantas propulsoras a vapor de los buques de aquella \u00e9poca.<\/p>\n<p style=\"text-align: justify;\">En el a\u00f1o 1952, los Oficiales Ingenieros comenzaron a ingresar a la Armada, a trav\u00e9s de la Escuela Naval, por lo cual se cre\u00f3 una Escuela, que ocupaba el edificio de la actual Academia de Guerra Naval, destinada a la especializaci\u00f3n de estos Oficiales y, adem\u00e1s, del personal de Gente de Mar proveniente de la Escuela de Grumetes, para ingresar a las especialidades relacionadas con la Ingenier\u00eda. Esta sede adopt\u00f3 la denominaci\u00f3n de \u201cEscuela de Ingenier\u00eda Naval\u201d.<\/p>\n<p style=\"text-align: justify;\"><strong>Ubicaci\u00f3n<\/strong><\/p>\n<p style=\"text-align: justify;\">Dada la imposibilidad de crecimiento que presentaba la sede ubicada en Playa Ancha para impartir los conocimientos requeridos por una serie de especialidades y subespecialidades, y a un n\u00famero creciente de alumnos, en 1958, la Escuela de Ingenier\u00eda Naval se traslada a su actual ubicaci\u00f3n en Las Salinas, contemplando la construcci\u00f3n de talleres, laboratorios y salas de clases.<\/p>\n<p style=\"text-align: justify;\">En la actualidad, la Escuela de Ingenier\u00eda Naval, forma parte del Campus Hyatt, dependiente de la Academia Polit\u00e9cnica Naval, la que cuenta con m\u00e1s de 600 alumnos, entre Oficiales y personal de Gente de Mar.<\/p>\n[\/vc_column_text][\/vc_column][vc_column width=&#8221;1\/2&#8243;][vc_single_image image=&#8221;9211&#8243; img_size=&#8221;490\u00d7350&#8243; alignment=&#8221;center&#8221;][vc_column_text]\n<p style=\"text-align: justify;\">ESCUELA DE BUCEO<\/p>\n<p style=\"text-align: justify;\"><strong>Rese\u00f1a hist\u00f3rica<\/strong><\/p>\n<p style=\"text-align: justify;\">La misi\u00f3n de la Escuela es proporcionar personal entrenado y capacitado en las diferentes t\u00e9cnicas de buceo, con el prop\u00f3sito de cumplir las necesidades institucionales.<\/p>\n<p style=\"text-align: justify;\">La Armada de Chile, a trav\u00e9s de sus buzos, efect\u00faa trabajos de rescate y salvataje, tanto a unidades propias o en apoyo a la ciudadan\u00eda, en cualquier zona geogr\u00e1fica del pa\u00eds.<\/p>\n<p style=\"text-align: justify;\">El entrenamiento de su personal y el equipamiento disponible permiten efectuar trabajos diversos a diferentes profundidades.<\/p>\n<p style=\"text-align: justify;\">La Escuela de Buceo cuenta con un grupo de Instructores, con una amplia experiencia, permitiendo instruir a cada alumno con los m\u00e1s altos est\u00e1ndares que la Armada de Chile necesita, proporcionando buzos capaces de cumplir tareas a lo largo del territorio nacional con un alto grado de profesionalismo y compromiso.<\/p>\n<p><strong>Ubicaci\u00f3n<\/strong><\/p>\n<p>Dicha Escuela se encuentra al interior del Campus Hyatt de la Academia Polit\u00e9cnica Naval, en el sector Las Salinas de Vi\u00f1a del Mar.[\/vc_column_text][\/vc_column][\/vc_row][vc_row][vc_column width=&#8221;1\/2&#8243;][vc_single_image image=&#8221;9287&#8243; img_size=&#8221;490\u00d7350&#8243; alignment=&#8221;center&#8221;][vc_column_text]\n<p style=\"text-align: justify;\">ESCUELA DE OPERACIONES<\/p>\n<p style=\"text-align: justify;\"><strong>Rese\u00f1a hist\u00f3rica<\/strong><\/p>\n<p style=\"text-align: justify;\">Un 12 de abril de 1893, el Presidente de la Rep\u00fablica don Jorge Montt, por Decreto Supremo, dispuso establecer a bordo del Blindado \u201cCochrane\u201d, bajo la direcci\u00f3n de su Comandante, la \u201cEscuela de Maestres de Se\u00f1ales y de Marineros Se\u00f1aleros\u201d, y a trav\u00e9s de una Resoluci\u00f3n de la Comandancia en Jefe de la Armada, se establece esta fecha como el inicio de la Escuela de Operaciones de la Armada.<\/p>\n<p style=\"text-align: justify;\">Con el fin de trasladarla a tierra, el 28 de octubre de 1928 es inaugurado en la Recta Las Salinas, el edificio donde actualmente se encuentra la Direcci\u00f3n General del Personal de la Armada con el nombre de \u201cEscuela de Comunicaciones Navales\u201d.<\/p>\n<p style=\"text-align: justify;\">Finalmente, el 25 de abril de 1972, esta Escuela adopta el nombre que resume todas las especialidades del \u00e1rea de comunicaciones como la \u201cEscuela de Operaciones de la Armada\u201d.<\/p>\n<p style=\"text-align: justify;\"><strong>Ubicaci\u00f3n<\/strong><\/p>\n<p style=\"text-align: justify;\">La Escuela de Operaciones se encuentra en el Campus Hyatt, ubicada en Avenida Jorge Montt, con dependencia militar, docente y administrativa de la Academia Polit\u00e9cnica Naval.<\/p>\n[\/vc_column_text][\/vc_column][vc_column width=&#8221;1\/2&#8243;][\/vc_column][\/vc_row]\n","protected":false},"excerpt":{"rendered":"<p>[vc_row][vc_column][vc_column_text]El Campus Hyatt, que agrupa las Escuela de Ingenier\u00eda, Armamento, Operaciones, Buceo, Inteligencia y Sanidad Naval, tiene como tarea fundamental instruir y capacitar al personal de la Instituci\u00f3n en las \u00e1reas de artiller\u00eda, torpedos y mantenci\u00f3n de los complejos sistemas de propulsi\u00f3n naval; formar al personal de enfermeros en la importante labor de mantener la [&hellip;]<\/p>\n","protected":false},"author":5,"featured_media":0,"parent":790,"menu_order":0,"comment_status":"open","ping_status":"open","template":"","meta":{"footnotes":""},"class_list":["post-863","page","type-page","status-publish","hentry"],"_links":{"self":[{"href":"https:\/\/www.apolinav.cl\/index.php\/wp-json\/wp\/v2\/pages\/863","targetHints":{"allow":["GET"]}}],"collection":[{"href":"https:\/\/www.apolinav.cl\/index.php\/wp-json\/wp\/v2\/pages"}],"about":[{"href":"https:\/\/www.apolinav.cl\/index.php\/wp-json\/wp\/v2\/types\/page"}],"author":[{"embeddable":true,"href":"https:\/\/www.apolinav.cl\/index.php\/wp-json\/wp\/v2\/users\/5"}],"replies":[{"embeddable":true,"href":"https:\/\/www.apolinav.cl\/index.php\/wp-json\/wp\/v2\/comments?post=863"}],"version-history":[{"count":22,"href":"https:\/\/www.apolinav.cl\/index.php\/wp-json\/wp\/v2\/pages\/863\/revisions"}],"predecessor-version":[{"id":9291,"href":"https:\/\/www.apolinav.cl\/index.php\/wp-json\/wp\/v2\/pages\/863\/revisions\/9291"}],"up":[{"embeddable":true,"href":"https:\/\/www.apolinav.cl\/index.php\/wp-json\/wp\/v2\/pages\/790"}],"wp:attachment":[{"href":"https:\/\/www.apolinav.cl\/index.php\/wp-json\/wp\/v2\/media?parent=863"}],"curies":[{"name":"wp","href":"https:\/\/api.w.org\/{rel}","templated":true}]}}