{"id":653,"date":"2014-07-17T20:30:18","date_gmt":"2014-07-17T20:30:18","guid":{"rendered":"http:\/\/www.apolinav.cl\/proyecto\/?page_id=653"},"modified":"2021-11-18T15:26:35","modified_gmt":"2021-11-18T18:26:35","slug":"organizacion","status":"publish","type":"page","link":"https:\/\/www.apolinav.cl\/index.php\/bienvenida\/organizacion\/","title":{"rendered":"Organizaci\u00f3n"},"content":{"rendered":"<p style=\"text-align: center;\"><a href=\"https:\/\/www.apolinav.cl\/index.php\/bienvenida\/organizacion\/organigrama_apn_18\/\" rel=\"attachment wp-att-10006\">Organigrama_Apolinav<\/a><\/p>\n<p>La organizaci\u00f3n de la Academia Polit\u00e9cnica Naval est\u00e1 desarrollada y estructurada para satisfacer las necesidades log\u00edsticas y acad\u00e9micas de la Instituci\u00f3n, para lograr ser formadora de profesionales \u00edntegros, para contribuir a obtener la victoria en el mar.<\/p>\n","protected":false},"excerpt":{"rendered":"<p>Organigrama_Apolinav La organizaci\u00f3n de la Academia Polit\u00e9cnica Naval est\u00e1 desarrollada y estructurada para satisfacer las necesidades log\u00edsticas y acad\u00e9micas de la Instituci\u00f3n, para lograr ser formadora de profesionales \u00edntegros, para contribuir a obtener la victoria en el mar.<\/p>\n","protected":false},"author":5,"featured_media":0,"parent":341,"menu_order":0,"comment_status":"open","ping_status":"open","template":"","meta":{"footnotes":""},"class_list":["post-653","page","type-page","status-publish","hentry"],"_links":{"self":[{"href":"https:\/\/www.apolinav.cl\/index.php\/wp-json\/wp\/v2\/pages\/653","targetHints":{"allow":["GET"]}}],"collection":[{"href":"https:\/\/www.apolinav.cl\/index.php\/wp-json\/wp\/v2\/pages"}],"about":[{"href":"https:\/\/www.apolinav.cl\/index.php\/wp-json\/wp\/v2\/types\/page"}],"author":[{"embeddable":true,"href":"https:\/\/www.apolinav.cl\/index.php\/wp-json\/wp\/v2\/users\/5"}],"replies":[{"embeddable":true,"href":"https:\/\/www.apolinav.cl\/index.php\/wp-json\/wp\/v2\/comments?post=653"}],"version-history":[{"count":10,"href":"https:\/\/www.apolinav.cl\/index.php\/wp-json\/wp\/v2\/pages\/653\/revisions"}],"predecessor-version":[{"id":17362,"href":"https:\/\/www.apolinav.cl\/index.php\/wp-json\/wp\/v2\/pages\/653\/revisions\/17362"}],"up":[{"embeddable":true,"href":"https:\/\/www.apolinav.cl\/index.php\/wp-json\/wp\/v2\/pages\/341"}],"wp:attachment":[{"href":"https:\/\/www.apolinav.cl\/index.php\/wp-json\/wp\/v2\/media?parent=653"}],"curies":[{"name":"wp","href":"https:\/\/api.w.org\/{rel}","templated":true}]}}