{"id":643,"date":"2014-07-17T20:28:15","date_gmt":"2014-07-17T20:28:15","guid":{"rendered":"http:\/\/www.apolinav.cl\/proyecto\/?page_id=643"},"modified":"2022-12-22T15:49:48","modified_gmt":"2022-12-22T18:49:48","slug":"decanos","status":"publish","type":"page","link":"https:\/\/www.apolinav.cl\/index.php\/bienvenida\/decanos\/","title":{"rendered":"Decano de la Academia Polit\u00e9cnica Naval"},"content":{"rendered":"[vc_row][vc_column width=&#8221;1\/4&#8243;][vc_single_image image=&#8221;22175&#8243; img_size=&#8221;220\u00d7270&#8243; alignment=&#8221;center&#8221;][\/vc_column][vc_column width=&#8221;3\/4&#8243;][vc_column_text]<strong>Biograf\u00eda Decano Luis Moraga F.<\/strong><\/p>\n<p>El Capit\u00e1n de Nav\u00edo (R.) Luis Ignacio MORAGA Fritsch naci\u00f3 en\u00a0 Santiago el 03 de octubre de 1959 y despu\u00e9s de realizar sus estudios en el Colegio &#8220;Instituto Sagrado Coraz\u00f3n\u201d de San Bernardo, ingres\u00f3 a la Escuela Naval \u201cArturo Prat\u201d el a\u00f1o 1975\u00a0 gradu\u00e1ndose como Guardiamarina el 01 de Enero de 1980.<\/p>\n<p>Es especialista en Estado Mayor y Artiller\u00eda y Misiles. Posee el t\u00edtulo profesional de Ingeniero en Armas con menci\u00f3n en Artiller\u00eda y Misiles, el grado Magister en Ciencias Navales y Mar\u00edtimas de la Academia de Guerra Naval, y adicionalmente, el grado Magister en Ciencias Militares con menci\u00f3n en Preparaci\u00f3n, Gesti\u00f3n y Evaluaci\u00f3n en Proyectos de Defensa de la Academia Polit\u00e9cnica Militar y M\u00e1ster en Direcci\u00f3n General de Empresas del IEDE.<\/p>\n<p>Durante los a\u00f1os que sirvi\u00f3 a bordo se desempe\u00f1\u00f3 en el DDG &#8220;Riveros&#8221; y en el CL O&#8217;Higgins, asimismo, como Oficial de Operaciones del Comando Anfibio y de Transportes Navales realiz\u00f3 embarcos en Unidades de citado Comando.<\/p>\n<p>Entre sus destinaciones en tierra se destacan: Subjefe de la Estaci\u00f3n Naval Isla Dawson y Arsenal Magallanes, Subjefe de la Estaci\u00f3n Naval Metropolitana, Jefe de la Divisi\u00f3n Educaci\u00f3n, Sanidad y Bienestar del Departamento de Planes de la Direcci\u00f3n General del Personal de la Armada, siendo su \u00faltima destinaci\u00f3n como Subdirector Acad\u00e9mico de la Academia Polit\u00e9cnica Naval cargo que ejerci\u00f3 durante 3 a\u00f1os. Con fecha 31 de diciembre se acoge retiro con el grado de Capit\u00e1n de Nav\u00edo.<\/p>\n<p>A contar del a\u00f1o 2009 y hasta el a\u00f1o 2017 prest\u00f3 servicios en la Academia Polit\u00e9cnica Naval como Jefe de la Divisi\u00f3n de Capacitaci\u00f3n y Entrenamiento, desempe\u00f1\u00e1ndose adem\u00e1s, como Jefe del Departamento de Extensi\u00f3n durante un periodo de tres a\u00f1os. Asimismo, cumpli\u00f3 funciones como Profesor Militar impartiendo asignaturas en el \u00e1rea de Sistemas de Armas para Oficiales y de asignaturas de &#8220;Mando&#8221; y &#8220;T\u00e9cnicas de la Comunicaci\u00f3n&#8221; para el curso de Mando de Sargentos 2\u00b0 de L\u00ednea.<\/p>\n<p>A contar del a\u00f1o 2018 se desempe\u00f1a como Profesor Civil y Jefe de C\u00e1tedra de Sistemas de Armas en la Academia Polit\u00e9cnica Naval, impartiendo asignaturas del \u00e1rea Sistemas de Armas a Oficiales que estudian las Especialidades de Artiller\u00eda y Misiles e Ingenier\u00eda Naval Electr\u00f3nica.<\/p>\n<p>Con fecha 16 de diciembre del 2022, asume como Decano de la Academia Polit\u00e9cnica Naval.<\/p>\n<p>Es casado con Ana Mar\u00eda Infante Aravena\u00a0 y tienen 3 hijos Francisca, Ignacio y Nicol\u00e1s.[\/vc_column_text][vc_separator][\/vc_column][\/vc_row]\n","protected":false},"excerpt":{"rendered":"<p>[vc_row][vc_column width=&#8221;1\/4&#8243;][vc_single_image image=&#8221;22175&#8243; img_size=&#8221;220\u00d7270&#8243; alignment=&#8221;center&#8221;][\/vc_column][vc_column width=&#8221;3\/4&#8243;][vc_column_text]Biograf\u00eda Decano Luis Moraga F. El Capit\u00e1n de Nav\u00edo (R.) Luis Ignacio MORAGA Fritsch naci\u00f3 en\u00a0 Santiago el 03 de octubre de 1959 y despu\u00e9s de realizar sus estudios en el Colegio &#8220;Instituto Sagrado Coraz\u00f3n\u201d de San Bernardo, ingres\u00f3 a la Escuela Naval \u201cArturo Prat\u201d el a\u00f1o 1975\u00a0 gradu\u00e1ndose como [&hellip;]<\/p>\n","protected":false},"author":5,"featured_media":0,"parent":341,"menu_order":0,"comment_status":"open","ping_status":"open","template":"","meta":{"footnotes":""},"class_list":["post-643","page","type-page","status-publish","hentry"],"_links":{"self":[{"href":"https:\/\/www.apolinav.cl\/index.php\/wp-json\/wp\/v2\/pages\/643","targetHints":{"allow":["GET"]}}],"collection":[{"href":"https:\/\/www.apolinav.cl\/index.php\/wp-json\/wp\/v2\/pages"}],"about":[{"href":"https:\/\/www.apolinav.cl\/index.php\/wp-json\/wp\/v2\/types\/page"}],"author":[{"embeddable":true,"href":"https:\/\/www.apolinav.cl\/index.php\/wp-json\/wp\/v2\/users\/5"}],"replies":[{"embeddable":true,"href":"https:\/\/www.apolinav.cl\/index.php\/wp-json\/wp\/v2\/comments?post=643"}],"version-history":[{"count":25,"href":"https:\/\/www.apolinav.cl\/index.php\/wp-json\/wp\/v2\/pages\/643\/revisions"}],"predecessor-version":[{"id":14039,"href":"https:\/\/www.apolinav.cl\/index.php\/wp-json\/wp\/v2\/pages\/643\/revisions\/14039"}],"up":[{"embeddable":true,"href":"https:\/\/www.apolinav.cl\/index.php\/wp-json\/wp\/v2\/pages\/341"}],"wp:attachment":[{"href":"https:\/\/www.apolinav.cl\/index.php\/wp-json\/wp\/v2\/media?parent=643"}],"curies":[{"name":"wp","href":"https:\/\/api.w.org\/{rel}","templated":true}]}}