{"id":40,"date":"2014-02-27T00:32:34","date_gmt":"2014-02-27T00:32:34","guid":{"rendered":"http:\/\/designarethemes.com\/NOIMAGES\/smartbox\/?page_id=40"},"modified":"2024-06-11T15:02:39","modified_gmt":"2024-06-11T19:02:39","slug":"acreditacion","status":"publish","type":"page","link":"https:\/\/www.apolinav.cl\/index.php\/acreditacion\/","title":{"rendered":"Acreditaci\u00f3n"},"content":{"rendered":"[vc_row][vc_column][vc_single_image image=&#8221;9224&#8243; img_size=&#8221;full&#8221; alignment=&#8221;center&#8221;][vc_column_text]\n<p style=\"text-align: justify;\"><strong>ACREDITACI\u00d3N INSTITUCIONAL<\/strong><\/p>\n<p style=\"text-align: left;\">Por Resoluci\u00f3n Exenta de Acreditaci\u00f3n Institucional N\u00b0 754 de fecha 09 de enero de 2024, la Comisi\u00f3n Nacional de Acreditaci\u00f3n resuelve acreditar la Academia Polit\u00e9cnica Naval en el nivel AVANZADO por 5 a\u00f1os en las \u00e1reas de GESTI\u00d3N INSTITUCIONAL, DOCENCIA DE PREGRADO y VINCULACI\u00d3N CON EL MEDIO.<\/p>\n<p style=\"text-align: left;\">Nuestra Academia trabaj\u00f3 en forma dedicada y profesional para enfrentar de la mejor forma su cuarto proceso de Acreditaci\u00f3n Institucional permitiendo presentar a la Academia en un excelente nivel para la visita de los Pares Evaluadores desarrollada entre los d\u00edas 18 y 20 de julio de 2023.<\/p>\n<p style=\"text-align: left;\">La APN tras el resultado alcanzado, seguir\u00e1 trabajando y fortaleciendo cada una de sus \u00e1reas, con el fin de mejorar y alcanzar la excelencia requerida para entregar a nuestros estudiantes una formaci\u00f3n de calidad.<\/p>\n<p style=\"line-height: 19.9pt; background: white; vertical-align: baseline; margin: 0cm 0cm 15pt; text-align: left;\"><span style=\"font-family: 'Arial','sans-serif';\">\u00a0<\/span><\/p>\n<p style=\"text-align: justify; line-height: 19.9pt; background: white; vertical-align: baseline; margin: 0cm 0cm 15.0pt 0cm;\"><span style=\"font-family: 'Arial','sans-serif';\">\u00a0<\/span><\/p>\n[\/vc_column_text][\/vc_column][\/vc_row]\n","protected":false},"excerpt":{"rendered":"<p>[vc_row][vc_column][vc_single_image image=&#8221;9224&#8243; img_size=&#8221;full&#8221; alignment=&#8221;center&#8221;][vc_column_text] ACREDITACI\u00d3N INSTITUCIONAL Por Resoluci\u00f3n Exenta de Acreditaci\u00f3n Institucional N\u00b0 754 de fecha 09 de enero de 2024, la Comisi\u00f3n Nacional de Acreditaci\u00f3n resuelve acreditar la Academia Polit\u00e9cnica Naval en el nivel AVANZADO por 5 a\u00f1os en las \u00e1reas de GESTI\u00d3N INSTITUCIONAL, DOCENCIA DE PREGRADO y VINCULACI\u00d3N CON EL MEDIO. Nuestra Academia [&hellip;]<\/p>\n","protected":false},"author":5,"featured_media":0,"parent":0,"menu_order":0,"comment_status":"closed","ping_status":"closed","template":"","meta":{"footnotes":""},"class_list":["post-40","page","type-page","status-publish","hentry"],"_links":{"self":[{"href":"https:\/\/www.apolinav.cl\/index.php\/wp-json\/wp\/v2\/pages\/40","targetHints":{"allow":["GET"]}}],"collection":[{"href":"https:\/\/www.apolinav.cl\/index.php\/wp-json\/wp\/v2\/pages"}],"about":[{"href":"https:\/\/www.apolinav.cl\/index.php\/wp-json\/wp\/v2\/types\/page"}],"author":[{"embeddable":true,"href":"https:\/\/www.apolinav.cl\/index.php\/wp-json\/wp\/v2\/users\/5"}],"replies":[{"embeddable":true,"href":"https:\/\/www.apolinav.cl\/index.php\/wp-json\/wp\/v2\/comments?post=40"}],"version-history":[{"count":14,"href":"https:\/\/www.apolinav.cl\/index.php\/wp-json\/wp\/v2\/pages\/40\/revisions"}],"predecessor-version":[{"id":9157,"href":"https:\/\/www.apolinav.cl\/index.php\/wp-json\/wp\/v2\/pages\/40\/revisions\/9157"}],"wp:attachment":[{"href":"https:\/\/www.apolinav.cl\/index.php\/wp-json\/wp\/v2\/media?parent=40"}],"curies":[{"name":"wp","href":"https:\/\/api.w.org\/{rel}","templated":true}]}}