{"id":3503,"date":"2016-08-04T18:15:58","date_gmt":"2016-08-04T18:15:58","guid":{"rendered":"http:\/\/www.apolinav.cl\/?page_id=3503"},"modified":"2017-03-29T19:43:18","modified_gmt":"2017-03-29T19:43:18","slug":"spf_reparticiones-terrestres","status":"publish","type":"page","link":"https:\/\/www.apolinav.cl\/index.php\/spf_reparticiones-terrestres\/","title":{"rendered":"spf_combate incendios reparticiones terrestres"},"content":{"rendered":"[vc_row][vc_column width=&#8221;1\/4&#8243;][vc_single_image image=&#8221;3502&#8243; img_size=&#8221;full&#8221; style=&#8221;vc_box_shadow_3d&#8221; css_animation=&#8221;left-to-right&#8221; css=&#8221;.vc_custom_1470334642855{margin-bottom: 0px !important;}&#8221;][mk_button dimension=&#8221;savvy&#8221; outline_skin=&#8221;custom&#8221; outline_active_color=&#8221;#1e73be&#8221; outline_hover_color=&#8221;#ffffff&#8221; url=&#8221;http:\/\/www.apolinav.cl\/index.php\/cursos-spf\/&#8221; align=&#8221;center&#8221;]VOLVER A CURSOS SPF[\/mk_button][\/vc_column][vc_column width=&#8221;3\/4&#8243;][vc_column_text]\n<p style=\"text-align: justify;\"><span style=\"color: #000000;\"><strong>I N C E N D I O S \u00a0 E N \u00a0 R E P A R T I C I O N E S \u00a0\u00a0T E R R E S T R E S<\/strong><\/span><\/p>\n<p style=\"text-align: justify;\"><span style=\"color: #000000;\">El nuevo curso de Combate de Incendios trata sobre las causas, prevenci\u00f3n y principios de extinci\u00f3n del fuego, con \u00e9nfasis en la organizaci\u00f3n y procedimientos en reparticiones terrestres.<\/span><\/p>\n<p style=\"text-align: justify;\"><span style=\"color: #000000;\">Su objetivo es reforzar los fundamentos de las t\u00e9cnicas de ataque, prevenci\u00f3n y medidas de seguridad ante un amago de incendio, de manera de estar preparado ante cualquier situaci\u00f3n, aun cuando se cuente con el m\u00ednimo de personal para cooperar en el ataque del siniestro en tierra.<\/span><\/p>\n<p style=\"text-align: justify;\"><span style=\"color: #000000;\"><strong>Contenidos:<\/strong><\/span><\/p>\n<ul style=\"text-align: justify;\">\n<li><span style=\"color: #000000;\">\u2013 Naturaleza y causas del fuego<\/span><\/li>\n<li><span style=\"color: #000000;\">\u2013 Propagaci\u00f3n, extinci\u00f3n y prevenci\u00f3n del fuego<\/span><\/li>\n<li><span style=\"color: #000000;\">\u2013 Materiales para el combate de incendios<\/span><\/li>\n<li><span style=\"color: #000000;\">\u2013 Procedimientos de alarma y extinci\u00f3n de incendios en unidades terrestres<\/span><\/li>\n<\/ul>\n<p style=\"text-align: justify;\"><span style=\"color: #000000;\">Los dos primeros temas tienen un car\u00e1cter general y son aplicables tanto a su ambiente laboral como a su propio hogar.<\/span><\/p>\n<p style=\"text-align: justify;\"><span style=\"color: #000000;\"><strong>Duraci\u00f3n: 8 semanas.<\/strong><\/span><\/p>\n<p style=\"text-align: justify;\"><span style=\"color: #000000;\"><strong>Puntaje SPF: En revisi\u00f3n por la D.E.A.<\/strong><\/span><\/p>\n[\/vc_column_text][\/vc_column][\/vc_row]\n","protected":false},"excerpt":{"rendered":"<p>[vc_row][vc_column width=&#8221;1\/4&#8243;][vc_single_image image=&#8221;3502&#8243; img_size=&#8221;full&#8221; style=&#8221;vc_box_shadow_3d&#8221; css_animation=&#8221;left-to-right&#8221; css=&#8221;.vc_custom_1470334642855{margin-bottom: 0px !important;}&#8221;][mk_button dimension=&#8221;savvy&#8221; outline_skin=&#8221;custom&#8221; outline_active_color=&#8221;#1e73be&#8221; outline_hover_color=&#8221;#ffffff&#8221; url=&#8221;http:\/\/www.apolinav.cl\/index.php\/cursos-spf\/&#8221; align=&#8221;center&#8221;]VOLVER A CURSOS SPF[\/mk_button][\/vc_column][vc_column width=&#8221;3\/4&#8243;][vc_column_text] I N C E N D I O S \u00a0 E N \u00a0 R E P A R T I C I O N E S \u00a0\u00a0T E R R E S T R E S [&hellip;]<\/p>\n","protected":false},"author":5,"featured_media":0,"parent":0,"menu_order":0,"comment_status":"closed","ping_status":"closed","template":"","meta":{"footnotes":""},"class_list":["post-3503","page","type-page","status-publish","hentry"],"_links":{"self":[{"href":"https:\/\/www.apolinav.cl\/index.php\/wp-json\/wp\/v2\/pages\/3503","targetHints":{"allow":["GET"]}}],"collection":[{"href":"https:\/\/www.apolinav.cl\/index.php\/wp-json\/wp\/v2\/pages"}],"about":[{"href":"https:\/\/www.apolinav.cl\/index.php\/wp-json\/wp\/v2\/types\/page"}],"author":[{"embeddable":true,"href":"https:\/\/www.apolinav.cl\/index.php\/wp-json\/wp\/v2\/users\/5"}],"replies":[{"embeddable":true,"href":"https:\/\/www.apolinav.cl\/index.php\/wp-json\/wp\/v2\/comments?post=3503"}],"version-history":[{"count":2,"href":"https:\/\/www.apolinav.cl\/index.php\/wp-json\/wp\/v2\/pages\/3503\/revisions"}],"predecessor-version":[{"id":5262,"href":"https:\/\/www.apolinav.cl\/index.php\/wp-json\/wp\/v2\/pages\/3503\/revisions\/5262"}],"wp:attachment":[{"href":"https:\/\/www.apolinav.cl\/index.php\/wp-json\/wp\/v2\/media?parent=3503"}],"curies":[{"name":"wp","href":"https:\/\/api.w.org\/{rel}","templated":true}]}}