{"id":3488,"date":"2016-08-04T14:31:47","date_gmt":"2016-08-04T14:31:47","guid":{"rendered":"http:\/\/www.apolinav.cl\/?page_id=3488"},"modified":"2017-03-29T19:53:55","modified_gmt":"2017-03-29T19:53:55","slug":"spf_reglamentacion-naval","status":"publish","type":"page","link":"https:\/\/www.apolinav.cl\/index.php\/spf_reglamentacion-naval\/","title":{"rendered":"spf_reglamentaci\u00f3n naval"},"content":{"rendered":"[vc_row][vc_column width=&#8221;1\/4&#8243;][vc_single_image image=&#8221;3489&#8243; img_size=&#8221;full&#8221; style=&#8221;vc_box_shadow_3d&#8221; css_animation=&#8221;left-to-right&#8221; css=&#8221;.vc_custom_1470321304590{margin-bottom: 0px !important;}&#8221;][mk_button dimension=&#8221;savvy&#8221; outline_skin=&#8221;custom&#8221; outline_active_color=&#8221;#1e73be&#8221; outline_hover_color=&#8221;#ffffff&#8221; url=&#8221;http:\/\/www.apolinav.cl\/index.php\/cursos-spf\/&#8221; align=&#8221;center&#8221;]VOLVER A CURSOS SPF[\/mk_button][\/vc_column][vc_column width=&#8221;3\/4&#8243;][vc_column_text]\n<p style=\"text-align: justify;\"><span style=\"color: #000000;\"><strong>O R G A N I Z A C I \u00d3 N \u00a0 Y \u00a0 R E G L A M E N T A C I \u00d3 N \u00a0 \u00a0\u00a0N A V A L\u00a0<\/strong><\/span><\/p>\n<p style=\"text-align: justify;\"><span style=\"color: #000000;\">Curso que entrega conocimientos administrativos y reglamentarios de gran inter\u00e9s para el desarrollo de las competencias profesionales a lo largo de la Carrera Naval, bajo la gu\u00eda de especialistas Escribientes de trayectoria y experiencia en la Instituci\u00f3n. En este sentido, el alumno ser\u00e1 capaz de posicionar la Instituci\u00f3n y el papel en que participa la Armada para el desarrollo del pa\u00eds, consolid\u00e1ndola como una rama de las Fuerzas Armadas moderna y profesional.<\/span><\/p>\n<p style=\"text-align: justify;\"><span style=\"color: #000000;\">Del mismo modo, conocer\u00e1 el v\u00ednculo legal que une al servidor con el estado a trav\u00e9s del Estatuto del Personal de las fuerzas Armadas, tomando conciencia y analizando los principales derechos, beneficios y requisitos reglamentarios que les son exigidos desde su ingreso a la Instituci\u00f3n hasta su retiro.<\/span><\/p>\n<p style=\"text-align: justify;\"><span style=\"color: #000000;\"><strong>Contenidos:<\/strong><\/span><\/p>\n<ul style=\"text-align: justify;\">\n<li><span style=\"color: #000000;\">\u2013 Organizaci\u00f3n Institucional<\/span><\/li>\n<li><span style=\"color: #000000;\">\u2013 Organizaci\u00f3n B\u00e1sica de una Unidad o Repartici\u00f3n<\/span><\/li>\n<li><span style=\"color: #000000;\">\u2013 Publicaciones y Documentos<\/span><\/li>\n<li><span style=\"color: #000000;\">\u2013 Estatuto del Personal de las Fuerzas Armadas<\/span><\/li>\n<li><span style=\"color: #000000;\">\u2013 Disciplina<\/span><\/li>\n<li><span style=\"color: #000000;\">\u2013 Calificaciones<\/span><\/li>\n<li><span style=\"color: #000000;\">\u2013 Feriados, permisos, licencias m\u00e9dicas y autorizaciones<\/span><\/li>\n<\/ul>\n<p style=\"text-align: justify;\"><span style=\"color: #000000;\">Con el dominio de estos temas, el alumno contar\u00e1 con las herramientas administrativas para abordar con certeza los fundamentos reglamentarios que sustentan la carrera profesional del personal de Gente de Mar, espec\u00edficamente en aquellos aspectos derivados de los derechos irrenunciables, beneficios y la metodolog\u00eda para acceder\u00e1 a ellos, amparados en el Estatuto del Personal de las Fuerzas Armadas y Directivas Institucionales.<\/span><\/p>\n<p style=\"text-align: justify;\"><span style=\"color: #000000;\"><strong>Duraci\u00f3n: 12 semanas.<\/strong><\/span><\/p>\n<p style=\"text-align: justify;\"><span style=\"color: #000000;\"><strong>Puntaje S.P.F.: En revisi\u00f3n por la D.E.A.<\/strong><\/span><\/p>\n[\/vc_column_text][\/vc_column][\/vc_row]\n","protected":false},"excerpt":{"rendered":"<p>[vc_row][vc_column width=&#8221;1\/4&#8243;][vc_single_image image=&#8221;3489&#8243; img_size=&#8221;full&#8221; style=&#8221;vc_box_shadow_3d&#8221; css_animation=&#8221;left-to-right&#8221; css=&#8221;.vc_custom_1470321304590{margin-bottom: 0px !important;}&#8221;][mk_button dimension=&#8221;savvy&#8221; outline_skin=&#8221;custom&#8221; outline_active_color=&#8221;#1e73be&#8221; outline_hover_color=&#8221;#ffffff&#8221; url=&#8221;http:\/\/www.apolinav.cl\/index.php\/cursos-spf\/&#8221; align=&#8221;center&#8221;]VOLVER A CURSOS SPF[\/mk_button][\/vc_column][vc_column width=&#8221;3\/4&#8243;][vc_column_text] O R G A N I Z A C I \u00d3 N \u00a0 Y \u00a0 R E G L A M E N T A C I \u00d3 N \u00a0 \u00a0\u00a0N A V A L\u00a0 Curso [&hellip;]<\/p>\n","protected":false},"author":5,"featured_media":0,"parent":0,"menu_order":0,"comment_status":"closed","ping_status":"closed","template":"","meta":{"footnotes":""},"class_list":["post-3488","page","type-page","status-publish","hentry"],"_links":{"self":[{"href":"https:\/\/www.apolinav.cl\/index.php\/wp-json\/wp\/v2\/pages\/3488","targetHints":{"allow":["GET"]}}],"collection":[{"href":"https:\/\/www.apolinav.cl\/index.php\/wp-json\/wp\/v2\/pages"}],"about":[{"href":"https:\/\/www.apolinav.cl\/index.php\/wp-json\/wp\/v2\/types\/page"}],"author":[{"embeddable":true,"href":"https:\/\/www.apolinav.cl\/index.php\/wp-json\/wp\/v2\/users\/5"}],"replies":[{"embeddable":true,"href":"https:\/\/www.apolinav.cl\/index.php\/wp-json\/wp\/v2\/comments?post=3488"}],"version-history":[{"count":2,"href":"https:\/\/www.apolinav.cl\/index.php\/wp-json\/wp\/v2\/pages\/3488\/revisions"}],"predecessor-version":[{"id":5269,"href":"https:\/\/www.apolinav.cl\/index.php\/wp-json\/wp\/v2\/pages\/3488\/revisions\/5269"}],"wp:attachment":[{"href":"https:\/\/www.apolinav.cl\/index.php\/wp-json\/wp\/v2\/media?parent=3488"}],"curies":[{"name":"wp","href":"https:\/\/api.w.org\/{rel}","templated":true}]}}