{"id":3479,"date":"2016-08-04T14:25:06","date_gmt":"2016-08-04T14:25:06","guid":{"rendered":"http:\/\/www.apolinav.cl\/?page_id=3479"},"modified":"2017-03-30T19:51:20","modified_gmt":"2017-03-30T19:51:20","slug":"spf_word","status":"publish","type":"page","link":"https:\/\/www.apolinav.cl\/index.php\/spf_word\/","title":{"rendered":"spf_word"},"content":{"rendered":"[vc_row][vc_column width=&#8221;1\/4&#8243;][vc_single_image image=&#8221;3480&#8243; img_size=&#8221;full&#8221; style=&#8221;vc_box_shadow_3d&#8221; css_animation=&#8221;left-to-right&#8221; css=&#8221;.vc_custom_1470320909045{margin-bottom: 0px !important;}&#8221;][mk_button dimension=&#8221;savvy&#8221; outline_skin=&#8221;custom&#8221; outline_active_color=&#8221;#1e73be&#8221; outline_hover_color=&#8221;#ffffff&#8221; url=&#8221;http:\/\/www.apolinav.cl\/index.php\/cursos-spf\/&#8221; align=&#8221;center&#8221;]VOLVER A CURSOS SPF[\/mk_button][\/vc_column][vc_column width=&#8221;3\/4&#8243;][vc_column_text]\n<p style=\"text-align: justify;\"><span style=\"color: #000000;\"><strong>A P L I C A C I O N E S \u00a0 A V A N Z A D A S \u00a0 \u00a0D E L \u00a0 \u00a0<\/strong><\/span><span style=\"color: #000000;\"><strong>P \u00a0R O C E S A D O R \u00a0 \u00a0D E \u00a0 \u00a0T E X T O \u00a0 W O R D<\/strong><\/span><\/p>\n<p style=\"text-align: justify;\"><span style=\"color: #000000;\">Curso est\u00e1 orientado a la profundizaci\u00f3n de competencias digitales aplicadas a la creaci\u00f3n de diversos documentos de texto, de alto nivel de elaboraci\u00f3n y complejidad, con la inclusi\u00f3n en los mismos, de diferentes herramientas y recursos avanzados.<\/span><\/p>\n<p style=\"text-align: justify;\"><span style=\"color: #000000;\"><strong>Contenidos:<\/strong><\/span><\/p>\n<ul style=\"text-align: justify;\">\n<li><span style=\"color: #000000;\">\u2013 Paneles de trabajo y sus funcionalidades<\/span><\/li>\n<li><span style=\"color: #000000;\">\u2013 Herramienta mostrar u ocultar, copiar formatos<\/span><\/li>\n<li><span style=\"color: #000000;\">\u2013 Personalizaci\u00f3n de los documentos<\/span><\/li>\n<li><span style=\"color: #000000;\">\u2013 Propiedades del documento<\/span><\/li>\n<li><span style=\"color: #000000;\">\u2013 Firmas<\/span><\/li>\n<li><span style=\"color: #000000;\">\u2013 Formatos y versiones de documentos<\/span><\/li>\n<li><span style=\"color: #000000;\">\u2013 Funci\u00f3n combinar correspondencia<\/span><\/li>\n<\/ul>\n<p style=\"text-align: justify;\"><span style=\"color: #000000;\"><strong>Duraci\u00f3n: 12 de semanas.<\/strong><\/span><\/p>\n<p style=\"text-align: justify;\"><span style=\"color: #000000;\"><strong>Puntaje S.P.F.: En revisi\u00f3n por la D.E.A.<\/strong><\/span><\/p>\n[\/vc_column_text][\/vc_column][\/vc_row]\n","protected":false},"excerpt":{"rendered":"<p>[vc_row][vc_column width=&#8221;1\/4&#8243;][vc_single_image image=&#8221;3480&#8243; img_size=&#8221;full&#8221; style=&#8221;vc_box_shadow_3d&#8221; css_animation=&#8221;left-to-right&#8221; css=&#8221;.vc_custom_1470320909045{margin-bottom: 0px !important;}&#8221;][mk_button dimension=&#8221;savvy&#8221; outline_skin=&#8221;custom&#8221; outline_active_color=&#8221;#1e73be&#8221; outline_hover_color=&#8221;#ffffff&#8221; url=&#8221;http:\/\/www.apolinav.cl\/index.php\/cursos-spf\/&#8221; align=&#8221;center&#8221;]VOLVER A CURSOS SPF[\/mk_button][\/vc_column][vc_column width=&#8221;3\/4&#8243;][vc_column_text] A P L I C A C I O N E S \u00a0 A V A N Z A D A S \u00a0 \u00a0D E L \u00a0 \u00a0P \u00a0R O C E S A D O [&hellip;]<\/p>\n","protected":false},"author":5,"featured_media":0,"parent":0,"menu_order":0,"comment_status":"closed","ping_status":"closed","template":"","meta":{"footnotes":""},"class_list":["post-3479","page","type-page","status-publish","hentry"],"_links":{"self":[{"href":"https:\/\/www.apolinav.cl\/index.php\/wp-json\/wp\/v2\/pages\/3479","targetHints":{"allow":["GET"]}}],"collection":[{"href":"https:\/\/www.apolinav.cl\/index.php\/wp-json\/wp\/v2\/pages"}],"about":[{"href":"https:\/\/www.apolinav.cl\/index.php\/wp-json\/wp\/v2\/types\/page"}],"author":[{"embeddable":true,"href":"https:\/\/www.apolinav.cl\/index.php\/wp-json\/wp\/v2\/users\/5"}],"replies":[{"embeddable":true,"href":"https:\/\/www.apolinav.cl\/index.php\/wp-json\/wp\/v2\/comments?post=3479"}],"version-history":[{"count":3,"href":"https:\/\/www.apolinav.cl\/index.php\/wp-json\/wp\/v2\/pages\/3479\/revisions"}],"predecessor-version":[{"id":5272,"href":"https:\/\/www.apolinav.cl\/index.php\/wp-json\/wp\/v2\/pages\/3479\/revisions\/5272"}],"wp:attachment":[{"href":"https:\/\/www.apolinav.cl\/index.php\/wp-json\/wp\/v2\/media?parent=3479"}],"curies":[{"name":"wp","href":"https:\/\/api.w.org\/{rel}","templated":true}]}}