{"id":3476,"date":"2016-08-04T14:05:43","date_gmt":"2016-08-04T14:05:43","guid":{"rendered":"http:\/\/www.apolinav.cl\/?page_id=3476"},"modified":"2017-03-29T19:50:23","modified_gmt":"2017-03-29T19:50:23","slug":"spf_power-point","status":"publish","type":"page","link":"https:\/\/www.apolinav.cl\/index.php\/spf_power-point\/","title":{"rendered":"spf_power point"},"content":{"rendered":"[vc_row][vc_column width=&#8221;1\/4&#8243;][vc_single_image image=&#8221;3475&#8243; img_size=&#8221;full&#8221; style=&#8221;vc_box_shadow_3d&#8221; css_animation=&#8221;left-to-right&#8221; css=&#8221;.vc_custom_1470319754009{margin-bottom: 0px !important;}&#8221;][mk_button dimension=&#8221;savvy&#8221; outline_skin=&#8221;custom&#8221; outline_active_color=&#8221;#1e73be&#8221; outline_hover_color=&#8221;#ffffff&#8221; url=&#8221;http:\/\/www.apolinav.cl\/index.php\/cursos-spf\/&#8221; align=&#8221;center&#8221;]VOLVER A CURSOS SPF[\/mk_button][\/vc_column][vc_column width=&#8221;3\/4&#8243;][vc_column_text]\n<p style=\"text-align: justify;\"><span style=\"color: #000000;\"><strong>A P L I C A C I O N E S \u00a0 A V A N Z A D A S \u00a0 D E \u00a0<\/strong><\/span><span style=\"color: #000000;\"><strong>P O W E R \u00a0 P O I N T\u00a0<\/strong><\/span><\/p>\n<p style=\"text-align: justify;\"><span style=\"color: #000000;\">El curso orientado a la profundizaci\u00f3n de competencias digitales relacionadas con el manejo aut\u00f3nomo, personalizaci\u00f3n y aplicaci\u00f3n efectiva de herramientas del Programa Power Point, para el dise\u00f1o y elaboraci\u00f3n de presentaciones multimedia, que sirvan de soporte al servidor naval, en su rol de comunicador.<\/span><\/p>\n<p style=\"text-align: justify;\"><span style=\"color: #000000;\"><strong>Contenidos:<\/strong><\/span><\/p>\n<ul style=\"text-align: justify;\">\n<li><span style=\"color: #000000;\">\u2013 Entorno y cinta de opciones.<\/span><\/li>\n<li><span style=\"color: #000000;\">\u2013 Dise\u00f1o de diapositivas, objetos, ilustraciones y cuadros de texto.<\/span><\/li>\n<li><span style=\"color: #000000;\">\u2013 Tablas, gr\u00e1ficos y diagramas.<\/span><\/li>\n<li><span style=\"color: #000000;\">\u2013 Botones de Acci\u00f3n e Hiperv\u00ednculos.<\/span><\/li>\n<li><span style=\"color: #000000;\">\u2013 Elementos multimedia, animaciones y transiciones.<\/span><\/li>\n<li><span style=\"color: #000000;\">\u2013 Notas del orador y opciones de impresi\u00f3n.<\/span><\/li>\n<li><span style=\"color: #000000;\">\u2013 Publicaci\u00f3n y vista de presentaci\u00f3n.<\/span><\/li>\n<li><span style=\"color: #000000;\">\u2013 Claves para el uso efectivo de las presentaciones.<\/span><\/li>\n<\/ul>\n<p style=\"text-align: justify;\"><span style=\"color: #000000;\"><strong>Duraci\u00f3n: 12 de semanas.<\/strong><\/span><\/p>\n<p style=\"text-align: justify;\"><span style=\"color: #000000;\"><strong>Puntaje S.P.F.: En revisi\u00f3n por la D.E.A.<\/strong><\/span><\/p>\n[\/vc_column_text][\/vc_column][\/vc_row]\n","protected":false},"excerpt":{"rendered":"<p>[vc_row][vc_column width=&#8221;1\/4&#8243;][vc_single_image image=&#8221;3475&#8243; img_size=&#8221;full&#8221; style=&#8221;vc_box_shadow_3d&#8221; css_animation=&#8221;left-to-right&#8221; css=&#8221;.vc_custom_1470319754009{margin-bottom: 0px !important;}&#8221;][mk_button dimension=&#8221;savvy&#8221; outline_skin=&#8221;custom&#8221; outline_active_color=&#8221;#1e73be&#8221; outline_hover_color=&#8221;#ffffff&#8221; url=&#8221;http:\/\/www.apolinav.cl\/index.php\/cursos-spf\/&#8221; align=&#8221;center&#8221;]VOLVER A CURSOS SPF[\/mk_button][\/vc_column][vc_column width=&#8221;3\/4&#8243;][vc_column_text] A P L I C A C I O N E S \u00a0 A V A N Z A D A S \u00a0 D E \u00a0P O W E R \u00a0 P O I N T\u00a0 [&hellip;]<\/p>\n","protected":false},"author":5,"featured_media":0,"parent":0,"menu_order":0,"comment_status":"closed","ping_status":"closed","template":"","meta":{"footnotes":""},"class_list":["post-3476","page","type-page","status-publish","hentry"],"_links":{"self":[{"href":"https:\/\/www.apolinav.cl\/index.php\/wp-json\/wp\/v2\/pages\/3476","targetHints":{"allow":["GET"]}}],"collection":[{"href":"https:\/\/www.apolinav.cl\/index.php\/wp-json\/wp\/v2\/pages"}],"about":[{"href":"https:\/\/www.apolinav.cl\/index.php\/wp-json\/wp\/v2\/types\/page"}],"author":[{"embeddable":true,"href":"https:\/\/www.apolinav.cl\/index.php\/wp-json\/wp\/v2\/users\/5"}],"replies":[{"embeddable":true,"href":"https:\/\/www.apolinav.cl\/index.php\/wp-json\/wp\/v2\/comments?post=3476"}],"version-history":[{"count":3,"href":"https:\/\/www.apolinav.cl\/index.php\/wp-json\/wp\/v2\/pages\/3476\/revisions"}],"predecessor-version":[{"id":5266,"href":"https:\/\/www.apolinav.cl\/index.php\/wp-json\/wp\/v2\/pages\/3476\/revisions\/5266"}],"wp:attachment":[{"href":"https:\/\/www.apolinav.cl\/index.php\/wp-json\/wp\/v2\/media?parent=3476"}],"curies":[{"name":"wp","href":"https:\/\/api.w.org\/{rel}","templated":true}]}}