{"id":3471,"date":"2016-08-04T13:29:42","date_gmt":"2016-08-04T13:29:42","guid":{"rendered":"http:\/\/www.apolinav.cl\/?page_id=3471"},"modified":"2017-03-29T19:47:26","modified_gmt":"2017-03-29T19:47:26","slug":"spf_informatica-aplicada","status":"publish","type":"page","link":"https:\/\/www.apolinav.cl\/index.php\/spf_informatica-aplicada\/","title":{"rendered":"spf_informatica aplicada"},"content":{"rendered":"[vc_row][vc_column width=&#8221;1\/4&#8243;][vc_single_image image=&#8221;3430&#8243; img_size=&#8221;full&#8221; style=&#8221;vc_box_shadow_3d&#8221; css_animation=&#8221;left-to-right&#8221; css=&#8221;.vc_custom_1470317580406{margin-bottom: 0px !important;}&#8221;][mk_button dimension=&#8221;savvy&#8221; outline_skin=&#8221;custom&#8221; outline_active_color=&#8221;#1e73be&#8221; outline_hover_color=&#8221;#ffffff&#8221; url=&#8221;http:\/\/www.apolinav.cl\/index.php\/cursos-spf\/&#8221; align=&#8221;center&#8221;]VOLVER A CURSOS SPF[\/mk_button][\/vc_column][vc_column width=&#8221;3\/4&#8243;][vc_column_text]\n<p style=\"text-align: justify;\"><span style=\"color: #000000;\"><strong>I N F O R M \u00c1 T I C A \u00a0 A P L I C A D A \u00a0 A \u00a0 L A \u00a0 G E S T I \u00d3 N \u00a0\u00a0<\/strong><\/span><span style=\"color: #000000;\"><strong>A D M I N I S T R A T I V A\u00a0<\/strong><\/span><\/p>\n<p style=\"text-align: justify;\"><span style=\"color: #000000;\">Curso de nivel b\u00e1sico, orientado a la actualizaci\u00f3n de competencias digitales, a trav\u00e9s de videos y ejercicios de aplicaci\u00f3n de diferentes herramientas ofim\u00e1ticas en ambiente Windows, tales como procesador de textos, planilla de c\u00e1lculo y programa de presentaciones. Esta selecci\u00f3n obedece a las necesidades del personal administrativo, en funci\u00f3n de los cambios en sus responsabilidades y tareas, que van de la mano con la evoluci\u00f3n de la tecnolog\u00eda.<\/span><\/p>\n<p style=\"text-align: justify;\"><span style=\"color: #000000;\">Todos los recursos y aplicaciones ayudar\u00e1n a simplificar, automatizar y optimizar los procedimientos o tareas relacionados con la gesti\u00f3n de documentos, el tratamiento de datos num\u00e9ricos, la planificaci\u00f3n de reuniones y administraci\u00f3n de cronogramas de trabajo, entre otros, siendo tambi\u00e9n aplicables a las demandas dom\u00e9sticas de nuestros d\u00edas.<\/span><\/p>\n<p style=\"text-align: justify;\"><span style=\"color: #000000;\"><strong>Contenidos:<\/strong><\/span><\/p>\n<ul style=\"text-align: justify;\">\n<li><span style=\"color: #000000;\">\u2013 Sistema operativo Windows 7<\/span><\/li>\n<li><span style=\"color: #000000;\">\u2013 Procesador de Textos (Word)<\/span><\/li>\n<li><span style=\"color: #000000;\">\u2013 Planilla de C\u00e1lculo (Excel)<\/span><\/li>\n<li><span style=\"color: #000000;\">\u2013 Programa de presentaciones (Power Point)<\/span><\/li>\n<\/ul>\n<p style=\"text-align: justify;\"><span style=\"color: #000000;\"><strong>Duraci\u00f3n: 12 de semanas.<\/strong><\/span><\/p>\n<p style=\"text-align: justify;\"><span style=\"color: #000000;\"><strong>Puntaje S.P.F: En revisi\u00f3n por la D.E.A.<\/strong><\/span><\/p>\n[\/vc_column_text][\/vc_column][\/vc_row]\n","protected":false},"excerpt":{"rendered":"<p>[vc_row][vc_column width=&#8221;1\/4&#8243;][vc_single_image image=&#8221;3430&#8243; img_size=&#8221;full&#8221; style=&#8221;vc_box_shadow_3d&#8221; css_animation=&#8221;left-to-right&#8221; css=&#8221;.vc_custom_1470317580406{margin-bottom: 0px !important;}&#8221;][mk_button dimension=&#8221;savvy&#8221; outline_skin=&#8221;custom&#8221; outline_active_color=&#8221;#1e73be&#8221; outline_hover_color=&#8221;#ffffff&#8221; url=&#8221;http:\/\/www.apolinav.cl\/index.php\/cursos-spf\/&#8221; align=&#8221;center&#8221;]VOLVER A CURSOS SPF[\/mk_button][\/vc_column][vc_column width=&#8221;3\/4&#8243;][vc_column_text] I N F O R M \u00c1 T I C A \u00a0 A P L I C A D A \u00a0 A \u00a0 L A \u00a0 G E S T I \u00d3 N \u00a0\u00a0A D M [&hellip;]<\/p>\n","protected":false},"author":5,"featured_media":0,"parent":0,"menu_order":0,"comment_status":"closed","ping_status":"closed","template":"","meta":{"footnotes":""},"class_list":["post-3471","page","type-page","status-publish","hentry"],"_links":{"self":[{"href":"https:\/\/www.apolinav.cl\/index.php\/wp-json\/wp\/v2\/pages\/3471","targetHints":{"allow":["GET"]}}],"collection":[{"href":"https:\/\/www.apolinav.cl\/index.php\/wp-json\/wp\/v2\/pages"}],"about":[{"href":"https:\/\/www.apolinav.cl\/index.php\/wp-json\/wp\/v2\/types\/page"}],"author":[{"embeddable":true,"href":"https:\/\/www.apolinav.cl\/index.php\/wp-json\/wp\/v2\/users\/5"}],"replies":[{"embeddable":true,"href":"https:\/\/www.apolinav.cl\/index.php\/wp-json\/wp\/v2\/comments?post=3471"}],"version-history":[{"count":3,"href":"https:\/\/www.apolinav.cl\/index.php\/wp-json\/wp\/v2\/pages\/3471\/revisions"}],"predecessor-version":[{"id":5264,"href":"https:\/\/www.apolinav.cl\/index.php\/wp-json\/wp\/v2\/pages\/3471\/revisions\/5264"}],"wp:attachment":[{"href":"https:\/\/www.apolinav.cl\/index.php\/wp-json\/wp\/v2\/media?parent=3471"}],"curies":[{"name":"wp","href":"https:\/\/api.w.org\/{rel}","templated":true}]}}