{"id":3463,"date":"2016-08-04T13:19:10","date_gmt":"2016-08-04T13:19:10","guid":{"rendered":"http:\/\/www.apolinav.cl\/?page_id=3463"},"modified":"2017-03-29T19:52:43","modified_gmt":"2017-03-29T19:52:43","slug":"spf_primeros-auxilios","status":"publish","type":"page","link":"https:\/\/www.apolinav.cl\/index.php\/spf_primeros-auxilios\/","title":{"rendered":"spf_primeros auxilios"},"content":{"rendered":"[vc_row][vc_column width=&#8221;1\/4&#8243;][vc_single_image image=&#8221;3433&#8243; img_size=&#8221;full&#8221; style=&#8221;vc_box_shadow_3d&#8221; css_animation=&#8221;left-to-right&#8221; css=&#8221;.vc_custom_1470316957759{margin-bottom: 0px !important;}&#8221;][mk_button dimension=&#8221;savvy&#8221; outline_skin=&#8221;custom&#8221; outline_active_color=&#8221;#1e73be&#8221; outline_hover_color=&#8221;#ffffff&#8221; url=&#8221;http:\/\/www.apolinav.cl\/index.php\/cursos-spf\/&#8221; align=&#8221;center&#8221;]VOLVER A CURSOS SPF[\/mk_button][\/vc_column][vc_column width=&#8221;3\/4&#8243;][vc_column_text]\n<p style=\"text-align: justify;\"><span style=\"color: #000000;\"><strong>B \u00c1 S I C O \u00a0 P R I M E R O S \u00a0 A U X I L I O S\u00a0<\/strong><\/span><\/p>\n<p style=\"text-align: justify;\"><span style=\"color: #000000;\">En este curso, el servidor naval recibir\u00e1 los fundamentos te\u00f3ricos b\u00e1sicos para la atenci\u00f3n inmediata o primeras acciones que se realizan a una o varias personas lesionadas o que hayan sufrido alg\u00fan traumatismo o enfermedad, usando t\u00e9cnicas y procedimientos que permitan su recuperaci\u00f3n o estabilizaci\u00f3n hasta la llegada de personal capacitado para efectuar el traslado a un\u00a0 centro asistencial.<\/span><\/p>\n<p style=\"text-align: justify;\"><span style=\"color: #000000;\"><strong>Contenidos:<\/strong><\/span><\/p>\n<ul style=\"text-align: justify;\">\n<li><span style=\"color: #000000;\">\u2013 Introducci\u00f3n a los primeros auxilios<\/span><\/li>\n<li><span style=\"color: #000000;\">\u2013 Mecanismos de lesi\u00f3n y cinem\u00e1tica del trauma<\/span><\/li>\n<li><span style=\"color: #000000;\">\u2013 Evaluaci\u00f3n del paciente<\/span><\/li>\n<li><span style=\"color: #000000;\">\u2013 Heridas, hemorragias y shock<\/span><\/li>\n<li><span style=\"color: #000000;\">\u2013 Emergencias m\u00e9dicas comunes<\/span><\/li>\n<li><span style=\"color: #000000;\">\u2013 Resucitaci\u00f3n cardio-pulmonar b\u00e1sica<\/span><\/li>\n<\/ul>\n<p style=\"text-align: justify;\"><span style=\"color: #000000;\">El principal prop\u00f3sito es promover e instalar, en todas las personas, una conducta de prevenci\u00f3n y auto protecci\u00f3n, al ser conscientes de los riesgos de cualquier ambiente (dom\u00e9stico, laboral, ocio, etc). Y, en el caso de enfrentar una emergencia, que cada uno sea capaz de activar, de manera oportuna y eficiente, la asistencia a la v\u00edctima o enfermo repentino, iniciando la cadena de supervivencia, tanto en adultos como en ni\u00f1os.<\/span><\/p>\n<p style=\"text-align: justify;\"><span style=\"color: #000000;\"><strong>Duraci\u00f3n: 12 de semanas.<\/strong><\/span><\/p>\n<p style=\"text-align: justify;\"><span style=\"color: #000000;\"><strong>Puntaje S.P.F.: En revisi\u00f3n por la D.E.A.<\/strong><\/span><\/p>\n[\/vc_column_text][\/vc_column][\/vc_row]\n","protected":false},"excerpt":{"rendered":"<p>[vc_row][vc_column width=&#8221;1\/4&#8243;][vc_single_image image=&#8221;3433&#8243; img_size=&#8221;full&#8221; style=&#8221;vc_box_shadow_3d&#8221; css_animation=&#8221;left-to-right&#8221; css=&#8221;.vc_custom_1470316957759{margin-bottom: 0px !important;}&#8221;][mk_button dimension=&#8221;savvy&#8221; outline_skin=&#8221;custom&#8221; outline_active_color=&#8221;#1e73be&#8221; outline_hover_color=&#8221;#ffffff&#8221; url=&#8221;http:\/\/www.apolinav.cl\/index.php\/cursos-spf\/&#8221; align=&#8221;center&#8221;]VOLVER A CURSOS SPF[\/mk_button][\/vc_column][vc_column width=&#8221;3\/4&#8243;][vc_column_text] B \u00c1 S I C O \u00a0 P R I M E R O S \u00a0 A U X I L I O S\u00a0 En este curso, el servidor naval recibir\u00e1 los fundamentos te\u00f3ricos b\u00e1sicos para [&hellip;]<\/p>\n","protected":false},"author":5,"featured_media":0,"parent":0,"menu_order":0,"comment_status":"closed","ping_status":"closed","template":"","meta":{"footnotes":""},"class_list":["post-3463","page","type-page","status-publish","hentry"],"_links":{"self":[{"href":"https:\/\/www.apolinav.cl\/index.php\/wp-json\/wp\/v2\/pages\/3463","targetHints":{"allow":["GET"]}}],"collection":[{"href":"https:\/\/www.apolinav.cl\/index.php\/wp-json\/wp\/v2\/pages"}],"about":[{"href":"https:\/\/www.apolinav.cl\/index.php\/wp-json\/wp\/v2\/types\/page"}],"author":[{"embeddable":true,"href":"https:\/\/www.apolinav.cl\/index.php\/wp-json\/wp\/v2\/users\/5"}],"replies":[{"embeddable":true,"href":"https:\/\/www.apolinav.cl\/index.php\/wp-json\/wp\/v2\/comments?post=3463"}],"version-history":[{"count":2,"href":"https:\/\/www.apolinav.cl\/index.php\/wp-json\/wp\/v2\/pages\/3463\/revisions"}],"predecessor-version":[{"id":5268,"href":"https:\/\/www.apolinav.cl\/index.php\/wp-json\/wp\/v2\/pages\/3463\/revisions\/5268"}],"wp:attachment":[{"href":"https:\/\/www.apolinav.cl\/index.php\/wp-json\/wp\/v2\/media?parent=3463"}],"curies":[{"name":"wp","href":"https:\/\/api.w.org\/{rel}","templated":true}]}}