{"id":3458,"date":"2016-08-04T13:17:49","date_gmt":"2016-08-04T13:17:49","guid":{"rendered":"http:\/\/www.apolinav.cl\/?page_id=3458"},"modified":"2017-03-29T19:51:29","modified_gmt":"2017-03-29T19:51:29","slug":"spf_prevencion-de-riesgos","status":"publish","type":"page","link":"https:\/\/www.apolinav.cl\/index.php\/spf_prevencion-de-riesgos\/","title":{"rendered":"spf_prevencion de riesgos"},"content":{"rendered":"[vc_row][vc_column width=&#8221;1\/4&#8243;][vc_single_image image=&#8221;3432&#8243; img_size=&#8221;full&#8221; style=&#8221;vc_box_shadow_3d&#8221; css_animation=&#8221;left-to-right&#8221; css=&#8221;.vc_custom_1470316872811{margin-bottom: 0px !important;}&#8221;][mk_button dimension=&#8221;savvy&#8221; outline_skin=&#8221;custom&#8221; outline_active_color=&#8221;#1e73be&#8221; outline_hover_color=&#8221;#ffffff&#8221; url=&#8221;http:\/\/www.apolinav.cl\/index.php\/cursos-spf\/&#8221; align=&#8221;center&#8221;]VOLVER A CURSOS SPF[\/mk_button][\/vc_column][vc_column width=&#8221;3\/4&#8243;][vc_column_text]\n<p style=\"text-align: justify;\"><span style=\"color: #000000;\"><strong>P R E V E N C I \u00d3 N \u00a0 DE \u00a0 R I E S G O S \u00a0<\/strong><\/span><\/p>\n<p style=\"text-align: justify;\"><span style=\"color: #000000;\">Este curso responde a la necesidad de proporcionar al servidor naval, los fundamentos, antecedentes legales, acciones, programas y las m\u00faltiples actividades que ha realizado la Instituci\u00f3n en beneficio de la prevenci\u00f3n de riesgos, a partir de 1975, para mejorar la calidad de vida de sus integrantes y el entorno en que se desenvuelven.<\/span><\/p>\n<p style=\"text-align: justify;\"><span style=\"color: #000000;\">La aprobaci\u00f3n del Reglamento de Prevenci\u00f3n de Riesgos y Protecci\u00f3n del Medio Ambiente N\u00b07-34\/14, consolid\u00f3 esta disciplina en el aspecto reglamentario y t\u00e9cnico que va en directo beneficio de la salud del personal de la Instituci\u00f3n, la protecci\u00f3n de los recursos f\u00edsicos con que cuenta y tambi\u00e9n la prevenci\u00f3n del medio ambiente.<\/span><\/p>\n<p style=\"text-align: justify;\"><span style=\"color: #000000;\">Es un curso eminentemente te\u00f3rico, que tiene su fortaleza en el conocimiento y comprensi\u00f3n de conceptos que puedan contribuir a mejorar la actitud personal frente a situaciones peligrosas o supervisando las actividades de otros, mediante la identificaci\u00f3n, evaluaci\u00f3n y control de los riesgos del \u00e1mbito laboral, junto con la toma de consciencia y la implementaci\u00f3n de medidas de prevenci\u00f3n.<\/span><\/p>\n<p style=\"text-align: justify;\"><span style=\"color: #000000;\"><strong>Contenidos:<\/strong><\/span><\/p>\n<ul style=\"text-align: justify;\">\n<li><span style=\"color: #000000;\">\u2013 Legislaci\u00f3n sobre prevenci\u00f3n de riesgos<\/span><\/li>\n<li><span style=\"color: #000000;\">\u2013 Fundamentos de seguridad industrial<\/span><\/li>\n<li><span style=\"color: #000000;\">\u2013 Riesgos t\u00edpicos y su control<\/span><\/li>\n<li><span style=\"color: #000000;\">\u2013 Fundamentos de higiene industrial y saneamiento b\u00e1sico<\/span><\/li>\n<li><span style=\"color: #000000;\">\u2013 Medio ambiente y desarrollo sustentable<\/span><\/li>\n<\/ul>\n<p style=\"text-align: justify;\"><span style=\"color: #000000;\"><strong>Duraci\u00f3n: 12 semanas.<\/strong><\/span><\/p>\n<p style=\"text-align: justify;\"><span style=\"color: #000000;\"><strong>Puntaje S.P.F.: En revisi\u00f3n por la D.E.A.<\/strong><\/span><\/p>\n[\/vc_column_text][\/vc_column][\/vc_row]\n","protected":false},"excerpt":{"rendered":"<p>[vc_row][vc_column width=&#8221;1\/4&#8243;][vc_single_image image=&#8221;3432&#8243; img_size=&#8221;full&#8221; style=&#8221;vc_box_shadow_3d&#8221; css_animation=&#8221;left-to-right&#8221; css=&#8221;.vc_custom_1470316872811{margin-bottom: 0px !important;}&#8221;][mk_button dimension=&#8221;savvy&#8221; outline_skin=&#8221;custom&#8221; outline_active_color=&#8221;#1e73be&#8221; outline_hover_color=&#8221;#ffffff&#8221; url=&#8221;http:\/\/www.apolinav.cl\/index.php\/cursos-spf\/&#8221; align=&#8221;center&#8221;]VOLVER A CURSOS SPF[\/mk_button][\/vc_column][vc_column width=&#8221;3\/4&#8243;][vc_column_text] P R E V E N C I \u00d3 N \u00a0 DE \u00a0 R I E S G O S \u00a0 Este curso responde a la necesidad de proporcionar al servidor naval, los fundamentos, antecedentes legales, [&hellip;]<\/p>\n","protected":false},"author":5,"featured_media":0,"parent":0,"menu_order":0,"comment_status":"closed","ping_status":"closed","template":"","meta":{"footnotes":""},"class_list":["post-3458","page","type-page","status-publish","hentry"],"_links":{"self":[{"href":"https:\/\/www.apolinav.cl\/index.php\/wp-json\/wp\/v2\/pages\/3458","targetHints":{"allow":["GET"]}}],"collection":[{"href":"https:\/\/www.apolinav.cl\/index.php\/wp-json\/wp\/v2\/pages"}],"about":[{"href":"https:\/\/www.apolinav.cl\/index.php\/wp-json\/wp\/v2\/types\/page"}],"author":[{"embeddable":true,"href":"https:\/\/www.apolinav.cl\/index.php\/wp-json\/wp\/v2\/users\/5"}],"replies":[{"embeddable":true,"href":"https:\/\/www.apolinav.cl\/index.php\/wp-json\/wp\/v2\/comments?post=3458"}],"version-history":[{"count":3,"href":"https:\/\/www.apolinav.cl\/index.php\/wp-json\/wp\/v2\/pages\/3458\/revisions"}],"predecessor-version":[{"id":5267,"href":"https:\/\/www.apolinav.cl\/index.php\/wp-json\/wp\/v2\/pages\/3458\/revisions\/5267"}],"wp:attachment":[{"href":"https:\/\/www.apolinav.cl\/index.php\/wp-json\/wp\/v2\/media?parent=3458"}],"curies":[{"name":"wp","href":"https:\/\/api.w.org\/{rel}","templated":true}]}}