{"id":3454,"date":"2016-08-04T13:15:10","date_gmt":"2016-08-04T13:15:10","guid":{"rendered":"http:\/\/www.apolinav.cl\/?page_id=3454"},"modified":"2017-03-29T19:48:32","modified_gmt":"2017-03-29T19:48:32","slug":"spf_medio-ambiente","status":"publish","type":"page","link":"https:\/\/www.apolinav.cl\/index.php\/spf_medio-ambiente\/","title":{"rendered":"spf_medio ambiente"},"content":{"rendered":"[vc_row][vc_column width=&#8221;1\/4&#8243;][vc_single_image image=&#8221;3431&#8243; img_size=&#8221;full&#8221; style=&#8221;vc_box_shadow_3d&#8221; css_animation=&#8221;left-to-right&#8221; css=&#8221;.vc_custom_1470316689804{margin-bottom: 0px !important;}&#8221;][mk_button dimension=&#8221;savvy&#8221; outline_skin=&#8221;custom&#8221; outline_active_color=&#8221;#1e73be&#8221; outline_hover_color=&#8221;#ffffff&#8221; url=&#8221;http:\/\/www.apolinav.cl\/index.php\/cursos-spf\/&#8221; align=&#8221;center&#8221;]VOLVER A CURSOS SPF[\/mk_button][\/vc_column][vc_column width=&#8221;3\/4&#8243;][vc_column_text]\n<p style=\"text-align: justify;\"><span style=\"color: #000000;\"><strong>M E D I O \u00a0 A M B I E N T E \u00a0 Y \u00a0C O N T A M I N A C I \u00d3 N \u00a0\u00a0<\/strong><\/span><span style=\"color: #000000;\"><strong>A C U \u00c1 T I C A<\/strong><\/span><\/p>\n<p style=\"text-align: justify;\"><span style=\"color: #000000;\">Con este curso se pretende sensibilizar al personal de la Armada de Chile sobre los problemas causados por la acci\u00f3n humana en los ecosistemas, creando consciencia acerca de la responsabilidad que cada cual tiene en la preservaci\u00f3n de su entorno, en general, y la riqueza mar\u00edtima del pa\u00eds, en particular.<\/span><\/p>\n<p style=\"text-align: justify;\"><span style=\"color: #000000;\">La importancia de este curso radica en el aporte de informaci\u00f3n sobre las causas, tipos y consecuencias de la contaminaci\u00f3n, junto a la posibilidad de analizar reflexivamente el papel que le compete a cada persona en la mantenci\u00f3n del equilibrio ambiental y la conservaci\u00f3n de la diversidad biol\u00f3gica, a fin de garantizar una mejor calidad de vida para s\u00ed mismo y para los dem\u00e1s.<\/span><\/p>\n<p style=\"text-align: justify;\"><span style=\"color: #000000;\">En especial, se abordar\u00e1 la contaminaci\u00f3n de los cuerpos de agua, por su alta incidencia en la propagaci\u00f3n de enfermedades en la poblaci\u00f3n humana y sus efectos nocivos para el desarrollo y vida de las diferentes especies de la flora y fauna chilena. Desde el punto de vista de la autoridad mar\u00edtima, se dar\u00e1n a conocer los diferentes programas de protecci\u00f3n del medio acu\u00e1tico, que le permiten dar cumplimiento a las normas legales ambientales, de car\u00e1cter nacional e internacional.<\/span><\/p>\n<p style=\"text-align: justify;\"><span style=\"color: #000000;\"><strong>Contenidos:<\/strong><\/span><\/p>\n<ul style=\"text-align: justify;\">\n<li><span style=\"color: #000000;\">\u2013 Acci\u00f3n humana en los ecosistemas<\/span><\/li>\n<li><span style=\"color: #000000;\">\u2013 La hidr\u00f3sfera: sustento de la vida<\/span><\/li>\n<li><span style=\"color: #000000;\">\u2013 Medios marinos, lacustres y fluviales<\/span><\/li>\n<li><span style=\"color: #000000;\">\u2013 El medio biol\u00f3gico marino<\/span><\/li>\n<li><span style=\"color: #000000;\">\u2013 Fuentes emisoras de contaminaci\u00f3n<\/span><\/li>\n<li><span style=\"color: #000000;\">\u2013 Agentes contaminantes<\/span><\/li>\n<li><span style=\"color: #000000;\">\u2013 Contaminaci\u00f3n acu\u00e1tica en Chile<\/span><\/li>\n<li><span style=\"color: #000000;\">\u2013 Calidad del agua y evaluaci\u00f3n de impacto ambiental<\/span><\/li>\n<li><span style=\"color: #000000;\">\u2013 Marco jur\u00eddico ambiental internacional<\/span><\/li>\n<li><span style=\"color: #000000;\">\u2013 Marco jur\u00eddico ambiental nacional<\/span><\/li>\n<li><span style=\"color: #000000;\">\u2013 Directemar y la protecci\u00f3n del medio acu\u00e1tico<\/span><\/li>\n<li><span style=\"color: #000000;\">\u2013 Combate de la contaminaci\u00f3n por derrame en el mar<\/span><\/li>\n<\/ul>\n<p style=\"text-align: justify;\"><span style=\"color: #000000;\"><strong>Duraci\u00f3n: 12 semanas.<\/strong><\/span><\/p>\n<p style=\"text-align: justify;\"><span style=\"color: #000000;\"><strong>Puntaje S.P.F.: En revisi\u00f3n por la D.E.A.<\/strong><\/span><\/p>\n[\/vc_column_text][\/vc_column][\/vc_row]\n","protected":false},"excerpt":{"rendered":"<p>[vc_row][vc_column width=&#8221;1\/4&#8243;][vc_single_image image=&#8221;3431&#8243; img_size=&#8221;full&#8221; style=&#8221;vc_box_shadow_3d&#8221; css_animation=&#8221;left-to-right&#8221; css=&#8221;.vc_custom_1470316689804{margin-bottom: 0px !important;}&#8221;][mk_button dimension=&#8221;savvy&#8221; outline_skin=&#8221;custom&#8221; outline_active_color=&#8221;#1e73be&#8221; outline_hover_color=&#8221;#ffffff&#8221; url=&#8221;http:\/\/www.apolinav.cl\/index.php\/cursos-spf\/&#8221; align=&#8221;center&#8221;]VOLVER A CURSOS SPF[\/mk_button][\/vc_column][vc_column width=&#8221;3\/4&#8243;][vc_column_text] M E D I O \u00a0 A M B I E N T E \u00a0 Y \u00a0C O N T A M I N A C I \u00d3 N \u00a0\u00a0A C U \u00c1 T I C [&hellip;]<\/p>\n","protected":false},"author":5,"featured_media":0,"parent":0,"menu_order":0,"comment_status":"closed","ping_status":"closed","template":"","meta":{"footnotes":""},"class_list":["post-3454","page","type-page","status-publish","hentry"],"_links":{"self":[{"href":"https:\/\/www.apolinav.cl\/index.php\/wp-json\/wp\/v2\/pages\/3454","targetHints":{"allow":["GET"]}}],"collection":[{"href":"https:\/\/www.apolinav.cl\/index.php\/wp-json\/wp\/v2\/pages"}],"about":[{"href":"https:\/\/www.apolinav.cl\/index.php\/wp-json\/wp\/v2\/types\/page"}],"author":[{"embeddable":true,"href":"https:\/\/www.apolinav.cl\/index.php\/wp-json\/wp\/v2\/users\/5"}],"replies":[{"embeddable":true,"href":"https:\/\/www.apolinav.cl\/index.php\/wp-json\/wp\/v2\/comments?post=3454"}],"version-history":[{"count":3,"href":"https:\/\/www.apolinav.cl\/index.php\/wp-json\/wp\/v2\/pages\/3454\/revisions"}],"predecessor-version":[{"id":5265,"href":"https:\/\/www.apolinav.cl\/index.php\/wp-json\/wp\/v2\/pages\/3454\/revisions\/5265"}],"wp:attachment":[{"href":"https:\/\/www.apolinav.cl\/index.php\/wp-json\/wp\/v2\/media?parent=3454"}],"curies":[{"name":"wp","href":"https:\/\/api.w.org\/{rel}","templated":true}]}}