{"id":3447,"date":"2016-08-04T13:08:25","date_gmt":"2016-08-04T13:08:25","guid":{"rendered":"http:\/\/www.apolinav.cl\/?page_id=3447"},"modified":"2017-03-29T19:54:56","modified_gmt":"2017-03-29T19:54:56","slug":"spf_salvamento","status":"publish","type":"page","link":"https:\/\/www.apolinav.cl\/index.php\/spf_salvamento\/","title":{"rendered":"spf_salvamento maritimo"},"content":{"rendered":"[vc_row][vc_column width=&#8221;1\/4&#8243;][vc_single_image image=&#8221;2963&#8243; img_size=&#8221;full&#8221; style=&#8221;vc_box_shadow_3d&#8221; css_animation=&#8221;left-to-right&#8221; css=&#8221;.vc_custom_1470316287849{margin-bottom: 0px !important;}&#8221;][mk_button dimension=&#8221;savvy&#8221; outline_skin=&#8221;custom&#8221; outline_active_color=&#8221;#1e73be&#8221; outline_hover_color=&#8221;#ffffff&#8221; url=&#8221;http:\/\/www.apolinav.cl\/index.php\/cursos-spf\/&#8221; align=&#8221;center&#8221;]VOLVER A CURSOS SPF[\/mk_button][\/vc_column][vc_column width=&#8221;3\/4&#8243;][vc_column_text]\n<p style=\"text-align: justify;\"><span style=\"color: #000000;\"><strong>B \u00da S Q U E D A \u00a0 Y \u00a0 S A L V A M E N T O \u00a0 M A R \u00cd T I M O<\/strong><\/span><\/p>\n<p style=\"text-align: justify;\"><span style=\"color: #000000;\">Curso que entrega nociones b\u00e1sicas al personal en el empleo planificado de recursos humanos y materiales disponibles para prestar asistencia a la tripulaci\u00f3n y propiedades navales ante siniestro en el mar.<\/span><\/p>\n<p style=\"text-align: justify;\"><span style=\"color: #000000;\"><strong>Contenidos:<\/strong><\/span><\/p>\n<ul style=\"text-align: justify;\">\n<li><span style=\"color: #000000;\">\u2013 Historia de la Asistencia y Salvamento Mar\u00edtimo<\/span><\/li>\n<li><span style=\"color: #000000;\">\u2013 Organizaci\u00f3n Mar\u00edtima Internacional (O.M.I.)<\/span><\/li>\n<li><span style=\"color: #000000;\">\u2013 Convenios internacionales relacionados con B\u00fasqueda y Salvamento Mar\u00edtimo<\/span><\/li>\n<li><span style=\"color: #000000;\">\u2013 El Sistema Mundial de Socorro y Seguridad Mar\u00edtima (SMSSM)<\/span><\/li>\n<li><span style=\"color: #000000;\">\u2013 Bases legales nacionales, organizaci\u00f3n y funcionamiento del Servicio de B\u00fasqueda y Salvamento Mar\u00edtimo<\/span><\/li>\n<li><span style=\"color: #000000;\">\u2013 Metodolog\u00eda b\u00e1sica para el desarrollo pr\u00e1ctico de c\u00e1lculos de deriva<\/span><\/li>\n<\/ul>\n<p style=\"text-align: justify;\"><span style=\"color: #000000;\"><strong>Duraci\u00f3n: 12 de semanas.<\/strong><\/span><\/p>\n<p style=\"text-align: justify;\"><span style=\"color: #000000;\"><strong>Puntaje S.P.F.: En revisi\u00f3n por la D.E.A.<\/strong><\/span><\/p>\n[\/vc_column_text][\/vc_column][\/vc_row]\n","protected":false},"excerpt":{"rendered":"<p>[vc_row][vc_column width=&#8221;1\/4&#8243;][vc_single_image image=&#8221;2963&#8243; img_size=&#8221;full&#8221; style=&#8221;vc_box_shadow_3d&#8221; css_animation=&#8221;left-to-right&#8221; css=&#8221;.vc_custom_1470316287849{margin-bottom: 0px !important;}&#8221;][mk_button dimension=&#8221;savvy&#8221; outline_skin=&#8221;custom&#8221; outline_active_color=&#8221;#1e73be&#8221; outline_hover_color=&#8221;#ffffff&#8221; url=&#8221;http:\/\/www.apolinav.cl\/index.php\/cursos-spf\/&#8221; align=&#8221;center&#8221;]VOLVER A CURSOS SPF[\/mk_button][\/vc_column][vc_column width=&#8221;3\/4&#8243;][vc_column_text] B \u00da S Q U E D A \u00a0 Y \u00a0 S A L V A M E N T O \u00a0 M A R \u00cd T I M O Curso que entrega nociones b\u00e1sicas al [&hellip;]<\/p>\n","protected":false},"author":5,"featured_media":0,"parent":0,"menu_order":0,"comment_status":"closed","ping_status":"closed","template":"","meta":{"footnotes":""},"class_list":["post-3447","page","type-page","status-publish","hentry"],"_links":{"self":[{"href":"https:\/\/www.apolinav.cl\/index.php\/wp-json\/wp\/v2\/pages\/3447","targetHints":{"allow":["GET"]}}],"collection":[{"href":"https:\/\/www.apolinav.cl\/index.php\/wp-json\/wp\/v2\/pages"}],"about":[{"href":"https:\/\/www.apolinav.cl\/index.php\/wp-json\/wp\/v2\/types\/page"}],"author":[{"embeddable":true,"href":"https:\/\/www.apolinav.cl\/index.php\/wp-json\/wp\/v2\/users\/5"}],"replies":[{"embeddable":true,"href":"https:\/\/www.apolinav.cl\/index.php\/wp-json\/wp\/v2\/comments?post=3447"}],"version-history":[{"count":4,"href":"https:\/\/www.apolinav.cl\/index.php\/wp-json\/wp\/v2\/pages\/3447\/revisions"}],"predecessor-version":[{"id":5270,"href":"https:\/\/www.apolinav.cl\/index.php\/wp-json\/wp\/v2\/pages\/3447\/revisions\/5270"}],"wp:attachment":[{"href":"https:\/\/www.apolinav.cl\/index.php\/wp-json\/wp\/v2\/media?parent=3447"}],"curies":[{"name":"wp","href":"https:\/\/api.w.org\/{rel}","templated":true}]}}