{"id":3437,"date":"2016-08-04T12:53:50","date_gmt":"2016-08-04T12:53:50","guid":{"rendered":"http:\/\/www.apolinav.cl\/?page_id=3437"},"modified":"2017-03-29T19:46:09","modified_gmt":"2017-03-29T19:46:09","slug":"control-averias","status":"publish","type":"page","link":"https:\/\/www.apolinav.cl\/index.php\/control-averias\/","title":{"rendered":"spf_control de aver\u00edas"},"content":{"rendered":"[vc_row][vc_column width=&#8221;1\/4&#8243;][vc_single_image image=&#8221;2967&#8243; img_size=&#8221;full&#8221; style=&#8221;vc_box_shadow_3d&#8221; css_animation=&#8221;left-to-right&#8221; css=&#8221;.vc_custom_1470315297740{margin-bottom: 0px !important;}&#8221;][mk_button dimension=&#8221;savvy&#8221; outline_skin=&#8221;custom&#8221; outline_active_color=&#8221;#1e73be&#8221; outline_hover_color=&#8221;#ffffff&#8221; url=&#8221;http:\/\/www.apolinav.cl\/index.php\/cursos-spf\/&#8221; align=&#8221;center&#8221;]VOLVER A CURSOS SPF[\/mk_button][\/vc_column][vc_column width=&#8221;3\/4&#8243;][vc_column_text]\n<p style=\"text-align: justify;\"><span style=\"color: #000000;\"><strong>B R \u2013 4 0 0 8 \u00a0 \u00a0C O N T R O L \u00a0 DE \u00a0 A V E R \u00cd A S \u00a0<\/strong><\/span><\/p>\n<p style=\"text-align: justify;\"><span style=\"color: #000000;\">Curso que trata sobre las causas, efectos y principios del control de aver\u00edas, con \u00e9nfasis en la prevenci\u00f3n, la organizaci\u00f3n y procedimientos para contener una inundaci\u00f3n. El objetivo es estar preparado ente cualquier emergencia o incidente.<\/span><\/p>\n<p style=\"text-align: justify;\"><span style=\"color: #000000;\"><strong>Contenidos:<\/strong><\/span><\/p>\n<ul style=\"text-align: justify;\">\n<li><span style=\"color: #000000;\">\u2013 Principios de control de aver\u00edas<\/span><\/li>\n<li><span style=\"color: #000000;\">\u2013 Organizaci\u00f3n y pr\u00e1ctica del control de aver\u00edas<\/span><\/li>\n<li><span style=\"color: #000000;\">\u2013 Equipos y procedimientos para el control de aver\u00edas<\/span><\/li>\n<li><span style=\"color: #000000;\">\u2013 Estructura del buque y t\u00e9cnicas de control de aver\u00edas<\/span><\/li>\n<li><span style=\"color: #000000;\">\u2013 Principios elementales de la Estabilidad<\/span><\/li>\n<\/ul>\n<p style=\"text-align: justify;\"><span style=\"color: #000000;\"><strong>Duraci\u00f3n: 12 semanas.<\/strong><\/span><\/p>\n<p style=\"text-align: justify;\"><span style=\"color: #000000;\"><strong>Puntaje S.P.F.: En revisi\u00f3n por la D.E.A.<\/strong><\/span><\/p>\n[\/vc_column_text][\/vc_column][\/vc_row]\n","protected":false},"excerpt":{"rendered":"<p>[vc_row][vc_column width=&#8221;1\/4&#8243;][vc_single_image image=&#8221;2967&#8243; img_size=&#8221;full&#8221; style=&#8221;vc_box_shadow_3d&#8221; css_animation=&#8221;left-to-right&#8221; css=&#8221;.vc_custom_1470315297740{margin-bottom: 0px !important;}&#8221;][mk_button dimension=&#8221;savvy&#8221; outline_skin=&#8221;custom&#8221; outline_active_color=&#8221;#1e73be&#8221; outline_hover_color=&#8221;#ffffff&#8221; url=&#8221;http:\/\/www.apolinav.cl\/index.php\/cursos-spf\/&#8221; align=&#8221;center&#8221;]VOLVER A CURSOS SPF[\/mk_button][\/vc_column][vc_column width=&#8221;3\/4&#8243;][vc_column_text] B R \u2013 4 0 0 8 \u00a0 \u00a0C O N T R O L \u00a0 DE \u00a0 A V E R \u00cd A S \u00a0 Curso que trata sobre las causas, efectos y principios del [&hellip;]<\/p>\n","protected":false},"author":5,"featured_media":0,"parent":0,"menu_order":0,"comment_status":"closed","ping_status":"closed","template":"","meta":{"footnotes":""},"class_list":["post-3437","page","type-page","status-publish","hentry"],"_links":{"self":[{"href":"https:\/\/www.apolinav.cl\/index.php\/wp-json\/wp\/v2\/pages\/3437","targetHints":{"allow":["GET"]}}],"collection":[{"href":"https:\/\/www.apolinav.cl\/index.php\/wp-json\/wp\/v2\/pages"}],"about":[{"href":"https:\/\/www.apolinav.cl\/index.php\/wp-json\/wp\/v2\/types\/page"}],"author":[{"embeddable":true,"href":"https:\/\/www.apolinav.cl\/index.php\/wp-json\/wp\/v2\/users\/5"}],"replies":[{"embeddable":true,"href":"https:\/\/www.apolinav.cl\/index.php\/wp-json\/wp\/v2\/comments?post=3437"}],"version-history":[{"count":6,"href":"https:\/\/www.apolinav.cl\/index.php\/wp-json\/wp\/v2\/pages\/3437\/revisions"}],"predecessor-version":[{"id":5263,"href":"https:\/\/www.apolinav.cl\/index.php\/wp-json\/wp\/v2\/pages\/3437\/revisions\/5263"}],"wp:attachment":[{"href":"https:\/\/www.apolinav.cl\/index.php\/wp-json\/wp\/v2\/media?parent=3437"}],"curies":[{"name":"wp","href":"https:\/\/api.w.org\/{rel}","templated":true}]}}