{"id":341,"date":"2014-02-27T00:01:14","date_gmt":"2014-02-27T00:01:14","guid":{"rendered":"http:\/\/designarethemes.com\/NOIMAGES\/smartbox\/?page_id=7"},"modified":"2026-02-03T15:28:23","modified_gmt":"2026-02-03T18:28:23","slug":"bienvenida","status":"publish","type":"page","link":"https:\/\/www.apolinav.cl\/index.php\/bienvenida\/","title":{"rendered":"Bienvenida"},"content":{"rendered":"[vc_row][vc_column width=&#8221;1\/4&#8243;][vc_single_image image=&#8221;32425&#8243; img_size=&#8221;full&#8221;][\/vc_column][vc_column width=&#8221;3\/4&#8243; el_class=&#8221;<\/p>\n<h1>Bienvenido a bordo<\/h1>\n<p>Libero tortor hendrerit purus, a tempor nibh risus in magna. In dapibus sapien at libero varius, sed euismod mi commodo. Etiam felis nisl, semper eu lorem luctus . libero tortor hendrerit purus, a tempor nibh risus in magna. In dapibus sapien at libero varius, sed euismod mi commodo. Etiam felis nisl, semper eu lorem id, luctus tristique urna. Mauris nisi leo, dignissim id auctor nec, semper feugiat turpis. Nullam nec rhoncus ante, ac ullamcorper nunc&#8221;][vc_column_text]\n<h1>Bienvenido a bordo<\/h1>\n<p style=\"text-align: justify;\"><span style=\"color: #616161;\">\u201cEst\u00e1s en la p\u00e1gina web de la Academia Polit\u00e9cnica Naval. Somos un establecimiento de Educaci\u00f3n Superior, reconocido por el Estado, acreditada hasta octubre del 2028, qu\u00e9 forma y especializa a los Oficiales y Gente de Mar, de la Armada de Chile. <\/span><\/p>\n<p style=\"text-align: justify;\"><span style=\"color: #616161;\">Nuestro esfuerzo, compromiso y mayor dedicaci\u00f3n es para con nuestros alumnos\u2026 contribuyendo en la formaci\u00f3n de profesionales \u00edntegros, inspirados en los valores y principios de la Instituci\u00f3n. <\/span><\/p>\n<p style=\"text-align: justify;\"><span style=\"color: #616161;\">En este sitio podr\u00e1 encontrar informaci\u00f3n acerca de nuestra organizaci\u00f3n, los Campus y las actividades internas de extensi\u00f3n y Vinculaci\u00f3n con el Medio que desarrolla la Academia.<\/span><\/p>\n<p>Lo invitamos a navegar con nosotros\u2026&#8221;.<\/p>\n<p><span style=\"color: #ffffff;\">.<\/span><br \/>\nFrancisco Laymuns Heilmaier<br \/>\nCapit\u00e1n de Nav\u00edo<br \/>\nDirector<\/p>\n<p><img loading=\"lazy\" decoding=\"async\" class=\" wp-image-26556 alignright\" src=\"https:\/\/www.apolinav.cl\/wp-content\/uploads\/2023\/11\/LOGO_ACREDITACION_2023__1_-removebg-preview.png\" alt=\"\" width=\"155\" height=\"59\" srcset=\"https:\/\/www.apolinav.cl\/wp-content\/uploads\/2023\/11\/LOGO_ACREDITACION_2023__1_-removebg-preview.png 756w, https:\/\/www.apolinav.cl\/wp-content\/uploads\/2023\/11\/LOGO_ACREDITACION_2023__1_-removebg-preview-768x293.png 768w\" sizes=\"auto, (max-width: 155px) 100vw, 155px\" \/>[\/vc_column_text][\/vc_column][\/vc_row]\n","protected":false},"excerpt":{"rendered":"<p>[vc_row][vc_column width=&#8221;1\/4&#8243;][vc_single_image image=&#8221;32425&#8243; img_size=&#8221;full&#8221;][\/vc_column][vc_column width=&#8221;3\/4&#8243; el_class=&#8221; Bienvenido a bordo Libero tortor hendrerit purus, a tempor nibh risus in magna. In dapibus sapien at libero varius, sed euismod mi commodo. Etiam felis nisl, semper eu lorem luctus . libero tortor hendrerit purus, a tempor nibh risus in magna. In dapibus sapien at libero varius, sed euismod [&hellip;]<\/p>\n","protected":false},"author":5,"featured_media":412,"parent":0,"menu_order":0,"comment_status":"closed","ping_status":"closed","template":"","meta":{"footnotes":""},"class_list":["post-341","page","type-page","status-publish","has-post-thumbnail","hentry"],"_links":{"self":[{"href":"https:\/\/www.apolinav.cl\/index.php\/wp-json\/wp\/v2\/pages\/341","targetHints":{"allow":["GET"]}}],"collection":[{"href":"https:\/\/www.apolinav.cl\/index.php\/wp-json\/wp\/v2\/pages"}],"about":[{"href":"https:\/\/www.apolinav.cl\/index.php\/wp-json\/wp\/v2\/types\/page"}],"author":[{"embeddable":true,"href":"https:\/\/www.apolinav.cl\/index.php\/wp-json\/wp\/v2\/users\/5"}],"replies":[{"embeddable":true,"href":"https:\/\/www.apolinav.cl\/index.php\/wp-json\/wp\/v2\/comments?post=341"}],"version-history":[{"count":33,"href":"https:\/\/www.apolinav.cl\/index.php\/wp-json\/wp\/v2\/pages\/341\/revisions"}],"predecessor-version":[{"id":32514,"href":"https:\/\/www.apolinav.cl\/index.php\/wp-json\/wp\/v2\/pages\/341\/revisions\/32514"}],"wp:featuredmedia":[{"embeddable":true,"href":"https:\/\/www.apolinav.cl\/index.php\/wp-json\/wp\/v2\/media\/412"}],"wp:attachment":[{"href":"https:\/\/www.apolinav.cl\/index.php\/wp-json\/wp\/v2\/media?parent=341"}],"curies":[{"name":"wp","href":"https:\/\/api.w.org\/{rel}","templated":true}]}}