{"id":34,"date":"2014-02-27T00:25:41","date_gmt":"2014-02-27T00:25:41","guid":{"rendered":"http:\/\/designarethemes.com\/NOIMAGES\/smartbox\/?page_id=34"},"modified":"2024-09-10T15:12:34","modified_gmt":"2024-09-10T18:12:34","slug":"extension","status":"publish","type":"page","link":"https:\/\/www.apolinav.cl\/index.php\/extension\/","title":{"rendered":"Extensi\u00f3n"},"content":{"rendered":"[vc_row][vc_column width=&#8221;2\/3&#8243;][mk_image_slideshow images=&#8221;1862,1864,1865&#8243; image_width=&#8221;755&#8243; image_height=&#8221;310&#8243;][\/vc_column][vc_column width=&#8221;1\/3&#8243;][vc_column_text]\n<h3><span style=\"color: #003366;\">Misi\u00f3n<\/span><\/h3>\n<p style=\"text-align: justify;\"><span style=\"color: #000000;\">El Departamento de Extensi\u00f3n tiene como misi\u00f3n proponer y aplicar las pol\u00edticas, planes y programas, organizar, coordinar y apoyar estas labores, relacionado con el entrenamiento del personal institucional e interinstitucional, mediante la administraci\u00f3n de cursos de post especialidad en \u00e1reas especificas y entrenamiento en simuladores de acuerdo a las necesidades institucionales.<\/span><\/p>\n[\/vc_column_text][\/vc_column][\/vc_row][vc_row][vc_column][vc_column_text css_animation=&#8221;top-to-bottom&#8221;]\n<h2><\/h2>\n<h2><\/h2>\n[\/vc_column_text][vc_separator][\/vc_column][\/vc_row][vc_row][vc_column][vc_column_text]\n<h3><span style=\"color: #003366;\">DIVISIONES DEPENDIENTES DE EXTENSI\u00d3N\u00a0<\/span><\/h3>\n[\/vc_column_text][\/vc_column][\/vc_row][vc_row][vc_column][vc_tta_tabs style=&#8221;flat&#8221; color=&#8221;sky&#8221; gap=&#8221;1&#8243; active_section=&#8221;&#8221; no_fill_content_area=&#8221;true&#8221;][vc_tta_section i_icon_fontawesome=&#8221;fa fa-fire-extinguisher&#8221; title=&#8221;Escuela Incendios&#8221; tab_id=&#8221;1460980587224-a8ff54a8-5239&#8243; add_icon=&#8221;true&#8221;][mk_custom_list]\n<ul>\n<li style=\"text-align: justify;\"><span style=\"color: #000000;\">CA1 B\u00e1sico de Combate de Incendio para Oficiales y Gente de Mar.<\/span><\/li>\n<li style=\"text-align: justify;\"><span style=\"color: #000000;\">CA2 Monitores en Control de Aver\u00edas y Combate de Incendio para Gente de Mar, especialidad en Control.<\/span><\/li>\n<li style=\"text-align: justify;\"><span style=\"color: #000000;\">CA3 Inicial de Combate de Incendio y Aver\u00edas para Cadetes y Grumetes.<\/span><\/li>\n<li style=\"text-align: justify;\"><span style=\"color: #000000;\">CA4 Apuntalamiento y obturaci\u00f3n de Aver\u00edas para personal especialista en Control de Aver\u00edas.<\/span><\/li>\n<li style=\"text-align: justify;\"><span style=\"color: #000000;\">CA5 Apuntalamiento y obturaci\u00f3n de Aver\u00edas para Oficiales y Gente de Mar embarcado.<\/span><\/li>\n<li style=\"text-align: justify;\"><span style=\"color: #000000;\">CA6 Reentrenamiento en Combate de Incendio para Oficiales y Gente de Mar embarcado.<\/span><\/li>\n<li style=\"text-align: justify;\"><span style=\"color: #000000;\">CA7 Reentrenamiento en Combate de Incendio para personal masculino y femenino de reparticiones.<\/span><\/li>\n<li style=\"text-align: justify;\"><span style=\"color: #000000;\">CA8 Reentrenamiento en Combate de Incendio y apuntalamiento para Oficiales y Gente de Mar.<\/span><\/li>\n<li style=\"text-align: justify;\"><span style=\"color: #000000;\">CA9 Reentrenamiento en Combate de Incendios en aeronaves siniestradas.<\/span><span style=\"color: #000000;\">CA10 B\u00e1sico de Control de Aver\u00edas.<\/span><\/li>\n<li><span style=\"color: #000000;\">\u00a0CA11 Equipo de aire auto contenido.<\/span><\/li>\n<\/ul>\n[\/mk_custom_list][\/vc_tta_section][vc_tta_section i_icon_fontawesome=&#8221;fa fa-ship&#8221; title=&#8221;Simuladores&#8221; tab_id=&#8221;1460980587294-10478bd0-49bb&#8221; add_icon=&#8221;true&#8221;][vc_column_text]\n<p style=\"text-align: justify;\"><span style=\"color: #000000;\">Contribuir al entrenamiento de las dotaciones embarcadas y a la instrucci\u00f3n de los alumnos que cursan especialidad, a trav\u00e9s del Departamento de Extensi\u00f3n, con equipos instalados en dependencias del Campus Hyatt de la Academia Polit\u00e9cnica Naval.<\/span><\/p>\n<ul>\n<li style=\"text-align: justify;\"><span style=\"color: #000000;\">Simulador de Combustibles Turbinas Tyne<\/span><\/li>\n<li style=\"text-align: justify;\"><span style=\"color: #000000;\">Simulador de Incendio y Control de Aver\u00edas<\/span><\/li>\n<li style=\"text-align: justify;\"><span style=\"color: #000000;\">Simulador de Propulsi\u00f3n Fragatas Tipo \u201cL\u201d<\/span><\/li>\n<li style=\"text-align: justify;\"><span style=\"color: #000000;\">Simulador de Control \u201cFokker\u201d<\/span><\/li>\n<\/ul>\n<p style=\"text-align: justify;\"><span style=\"color: #000000;\">\u00a0<\/span><\/p>\n[\/vc_column_text][\/vc_tta_section][vc_tta_section i_icon_fontawesome=&#8221;fa fa-street-view&#8221; title=&#8221;Capacitaci\u00f3n por competencias&#8221; tab_id=&#8221;1460980660760-5273403e-8e6d&#8221; add_icon=&#8221;true&#8221;][vc_column_text]\n<p style=\"text-align: justify;\"><span style=\"color: #000000;\">Su misi\u00f3n consiste en entregar al personal en conscripci\u00f3n las herramientas b\u00e1sicas de conocimiento y adiestramiento pr\u00e1ctico, con el prop\u00f3sito de desempe\u00f1arse en una actividad laboral en la vida civil, al t\u00e9rmino de su Servicio Militar Voluntario. Las capacitaciones se enmarcan en mejorar las condiciones de empleabilidad y competencias laborales a trav\u00e9s de acciones de capacitaci\u00f3n y formaci\u00f3n en un oficio, para que al salir a la vida civil, puedan desempe\u00f1arse en una actividad laboral.<\/span><\/p>\n[\/vc_column_text][\/vc_tta_section][vc_tta_section i_icon_fontawesome=&#8221;fa fa-television&#8221; title=&#8221;C.E.D.&#8221; tab_id=&#8221;1460981043581-41c3ed8b-cce4&#8243; add_icon=&#8221;true&#8221;][vc_column_text]\n<p style=\"text-align: justify;\"><span style=\"color: #000000;\">El Centro de Educaci\u00f3n a Distancia cumple la funci\u00f3n de dise\u00f1ar, estructurar, impartir, controlar y actualizar los diferentes cursos que se rigen en esta modalidad, incorporando las tecnolog\u00edas de la informaci\u00f3n y las comunicaciones (TIC) a la actividad acad\u00e9mica, de manera de enriquecer el proceso de perfeccionamiento del personal naval.<\/span><\/p>\n<p style=\"text-align: justify;\"><span style=\"color: #000000;\">El desarrollo y la implementaci\u00f3n de cursos en un ambiente virtual de aprendizaje son los procesos clave del CED. El primero, supone contar con un dise\u00f1o instruccional bien estructurado y exhaustivo, que integra en su ruta pedag\u00f3gica, una diversidad de recursos multimediales, materializados por los dise\u00f1adores gr\u00e1ficos y audiovisuales. El segundo, involucra la implementaci\u00f3n de cada aula y la supervisi\u00f3n del trabajo de alumnos y tutores virtuales, a cargo de un administrador funcional y un administrador docente, quienes reciben apoyo administrativo de un equipo de gesti\u00f3n.<\/span><\/p>\n<p style=\"text-align: justify;\"><span style=\"color: #000000;\">Ambos procesos son liderados por un asesor que comprende e impulsa la filosof\u00eda e-learning del CED. \u00c9sta considera la acci\u00f3n interconectada de tres elementos claves en funci\u00f3n del principal actor que es el alumno:<\/span><\/p>\n<p style=\"text-align: justify;\"><span style=\"color: #000000;\">&#8211; \u00a0Equipo CED, conformado por profesionales altamente calificados, a cargo del dise\u00f1o instruccional y gr\u00e1fico, virtualizaci\u00f3n, apoyo pedag\u00f3gico, inscripci\u00f3n, asistencia telef\u00f3nica, soporte t\u00e9cnico, monitoreo y certificaciones.<\/span><\/p>\n<p style=\"text-align: justify;\"><span style=\"color: #000000;\">&#8211;\u00a0Plataforma, que contiene actividades y recursos, tales como tareas, foros, material multimedia, documentos de consulta y evaluaciones, dispuestos en un aula virtual amigable.<\/span><\/p>\n<p style=\"text-align: justify;\"><span style=\"color: #000000;\">&#8211;\u00a0Tutor, quien motiva, apoya, orienta, interact\u00faa, acompa\u00f1a, comparte su experiencia, eval\u00faa y retroalimenta.<\/span><\/p>\n[\/vc_column_text][\/vc_tta_section][vc_tta_section i_icon_fontawesome=&#8221;fa fa-book&#8221; title=&#8221;C.I.D.&#8221; tab_id=&#8221;1460981242598-a80c9622-452d&#8221; add_icon=&#8221;true&#8221;][vc_column_text]\n<p style=\"text-align: justify;\"><span style=\"color: #000000;\">Los cursos vespertinos est\u00e1n orientados a mejorar el nivel de conocimiento del idioma ingl\u00e9s del personal de la Armada en servicio activo y su familia. El Centro de Idiomas dicta cursos en diversos niveles. Los alumnos ingresan a los respectivos niveles despu\u00e9s de pasar por un test de diagn\u00f3stico.<\/span><\/p>\n<div class=\"su-custom-gallery su-custom-gallery-align-left su-custom-gallery-title-never su-lightbox-gallery\"><div class=\"su-custom-gallery-slide\" style=\"width:200px;height:150px\"><a href=\"https:\/\/www.apolinav.cl\/wp-content\/uploads\/2014\/02\/IMG_20160122_111313533_HDR.jpg\" title=\"IMG_20160122_111313533_HDR\"><img loading=\"lazy\" decoding=\"async\" src=\"https:\/\/www.apolinav.cl\/wp-content\/uploads\/2014\/02\/IMG_20160122_111313533_HDR.jpg\" alt=\"IMG_20160122_111313533_HDR\" width=\"200\" height=\"150\" \/><span class=\"su-custom-gallery-title\">IMG_20160122_111313533_HDR<\/span><\/a><\/div><div class=\"su-custom-gallery-slide\" style=\"width:200px;height:150px\"><a href=\"https:\/\/www.apolinav.cl\/wp-content\/uploads\/2014\/02\/cid.jpg\" title=\"cid\"><img loading=\"lazy\" decoding=\"async\" src=\"https:\/\/www.apolinav.cl\/wp-content\/uploads\/2014\/02\/cid.jpg\" alt=\"cid\" width=\"200\" height=\"150\" \/><span class=\"su-custom-gallery-title\">cid<\/span><\/a><\/div><div class=\"su-custom-gallery-slide\" style=\"width:200px;height:150px\"><a href=\"https:\/\/www.apolinav.cl\/wp-content\/uploads\/2014\/02\/cid_2.jpg\" title=\"cid_2\"><img loading=\"lazy\" decoding=\"async\" src=\"https:\/\/www.apolinav.cl\/wp-content\/uploads\/2014\/02\/cid_2.jpg\" alt=\"cid_2\" width=\"200\" height=\"150\" \/><span class=\"su-custom-gallery-title\">cid_2<\/span><\/a><\/div><div class=\"su-clear\"><\/div><\/div>[\/vc_column_text][\/vc_tta_section][\/vc_tta_tabs][\/vc_column][\/vc_row][vc_row][vc_column][vc_column_text css_animation=&#8221;top-to-bottom&#8221;]\n<h2><\/h2>\n<h2><\/h2>\n[\/vc_column_text][vc_separator][\/vc_column][\/vc_row][vc_row][vc_column][vc_column_text]\n<h3><span style=\"color: #003366;\">CURSOS DEL CENTRO DE EDUCACI\u00d3N A DISTANCIA\u00a0<\/span><\/h3>\n[\/vc_column_text][vc_tta_tabs style=&#8221;flat&#8221; gap=&#8221;1&#8243; active_section=&#8221;&#8221; no_fill_content_area=&#8221;true&#8221;][vc_tta_section i_icon_fontawesome=&#8221;fa fa-book&#8221; title=&#8221;REGLAMENTARIOS&#8221; tab_id=&#8221;1464706955509-ec9d334a-7d9d&#8221; add_icon=&#8221;true&#8221;][mk_custom_list]\n<ul>\n<li><span style=\"color: #000000;\">MANDO Y ADMINISTRACI\u00d3N<\/span><\/li>\n<li><span style=\"color: #000000;\">PROCESO DE TRANSBORDO<\/span><\/li>\n<li><span style=\"color: #000000;\">GUERRA ESPECIAL<\/span><\/li>\n<li><span style=\"color: #000000;\">T\u00c9CNICO ADMINISTRATIVO\u00a0<\/span><\/li>\n<\/ul>\n[\/mk_custom_list][\/vc_tta_section][vc_tta_section i_icon_fontawesome=&#8221;fa fa-book&#8221; title=&#8221;SISTEMA PERFECCIONAMIENTO FLEXIBLE&#8221; tab_id=&#8221;1464706955661-ceead1bc-f84d&#8221; add_icon=&#8221;true&#8221;][vc_column_text]\n<p style=\"text-align: justify;\"><span style=\"color: #000000;\">Los Cursos S.P.F. se desarrollan en modalidad e-learning, los que son guiados por un tutor virtual y aprobados con nota igual o superior a 4.0.<\/span><\/p>\n<p style=\"text-align: justify;\"><strong><span style=\"color: #000000;\">Cursos disponibles del Sistema de Perfeccionamiento Flexible<\/span><\/strong><\/p>\n<ul style=\"text-align: justify;\">\n<li style=\"text-align: justify;\"><span style=\"color: #000000;\">4007\u00a0CONTROL DE AVER\u00cdAS<\/span><\/li>\n<li style=\"text-align: justify;\"><span style=\"color: #000000;\">4008\u00a0COMBATE DE INCENDIOS<\/span><\/li>\n<li style=\"text-align: justify;\"><span style=\"color: #000000;\">MEDIO AMBIENTE Y CONTAMINACI\u00d3N ACU\u00c1TICA<\/span><\/li>\n<li style=\"text-align: justify;\"><span style=\"color: #000000;\">INFORM\u00c1TICA APLICADA A LA GESTI\u00d3N ADMINISTRATIVA<\/span><\/li>\n<li style=\"text-align: justify;\"><span style=\"color: #000000;\">ORGANIZACI\u00d3N Y REGLAMENTACI\u00d3N NAVAL<\/span><\/li>\n<li style=\"text-align: justify;\"><span style=\"color: #000000;\">PREVENCI\u00d3N DE RIESGOS<\/span><\/li>\n<li style=\"text-align: justify;\"><span style=\"color: #000000;\">PRIMEROS AUXILIOS<\/span><\/li>\n<li style=\"text-align: justify;\"><span style=\"color: #000000;\">B\u00daSQUEDA Y SALVAMENTO MAR\u00cdTIMO<\/span><\/li>\n<li style=\"text-align: justify;\"><span style=\"color: #000000;\">T\u00c9CNICAS DE REDACCI\u00d3N<\/span><\/li>\n<li style=\"text-align: justify;\"><span style=\"color: #000000;\">APLICACIONES AVANZADAS DE POWER POINT\u00a0<\/span><\/li>\n<li style=\"text-align: justify;\"><span style=\"color: #000000;\">APLICACIONES AVANZADAS DEL PROCESADOR DE TEXTO WORD<\/span><\/li>\n<li style=\"text-align: justify;\"><span style=\"color: #000000;\">COMBATE DE INCENDIOS EN REPARTICIONES TERRESTRES<\/span><\/li>\n<\/ul>\n<p style=\"text-align: justify;\"><span style=\"color: #000000;\">\u00a0<\/span><\/p>\n[\/vc_column_text][\/vc_tta_section][vc_tta_section i_icon_fontawesome=&#8221;fa fa-book&#8221; title=&#8221;INTER\u00c9S INSTITUCIONAL&#8221; tab_id=&#8221;1464706955825-df680770-a467&#8243; add_icon=&#8221;true&#8221;][vc_column_text]\n<ul>\n<li style=\"text-align: justify;\"><span style=\"color: #000000;\">CAPACITACI\u00d3N PEDAG\u00d3GICA<\/span><\/li>\n<li style=\"text-align: justify;\"><span style=\"color: #000000;\">MATEM\u00c1TICAS SUPERIORES<\/span><\/li>\n<li style=\"text-align: justify;\"><span style=\"color: #000000;\">ASESORES PARA ORGANIZACIONES DE ALTO NIVEL Y ESTADOS MAYORES<\/span><\/li>\n<\/ul>\n[\/vc_column_text][\/vc_tta_section][\/vc_tta_tabs][\/vc_column][\/vc_row][vc_row][vc_column][vc_column_text][\/vc_column_text][\/vc_column][\/vc_row]\n","protected":false},"excerpt":{"rendered":"<p>[vc_row][vc_column width=&#8221;2\/3&#8243;][mk_image_slideshow images=&#8221;1862,1864,1865&#8243; image_width=&#8221;755&#8243; image_height=&#8221;310&#8243;][\/vc_column][vc_column width=&#8221;1\/3&#8243;][vc_column_text] Misi\u00f3n El Departamento de Extensi\u00f3n tiene como misi\u00f3n proponer y aplicar las pol\u00edticas, planes y programas, organizar, coordinar y apoyar estas labores, relacionado con el entrenamiento del personal institucional e interinstitucional, mediante la administraci\u00f3n de cursos de post especialidad en \u00e1reas especificas y entrenamiento en simuladores de acuerdo a [&hellip;]<\/p>\n","protected":false},"author":5,"featured_media":0,"parent":0,"menu_order":0,"comment_status":"closed","ping_status":"closed","template":"","meta":{"footnotes":""},"class_list":["post-34","page","type-page","status-publish","hentry"],"_links":{"self":[{"href":"https:\/\/www.apolinav.cl\/index.php\/wp-json\/wp\/v2\/pages\/34","targetHints":{"allow":["GET"]}}],"collection":[{"href":"https:\/\/www.apolinav.cl\/index.php\/wp-json\/wp\/v2\/pages"}],"about":[{"href":"https:\/\/www.apolinav.cl\/index.php\/wp-json\/wp\/v2\/types\/page"}],"author":[{"embeddable":true,"href":"https:\/\/www.apolinav.cl\/index.php\/wp-json\/wp\/v2\/users\/5"}],"replies":[{"embeddable":true,"href":"https:\/\/www.apolinav.cl\/index.php\/wp-json\/wp\/v2\/comments?post=34"}],"version-history":[{"count":143,"href":"https:\/\/www.apolinav.cl\/index.php\/wp-json\/wp\/v2\/pages\/34\/revisions"}],"predecessor-version":[{"id":28420,"href":"https:\/\/www.apolinav.cl\/index.php\/wp-json\/wp\/v2\/pages\/34\/revisions\/28420"}],"wp:attachment":[{"href":"https:\/\/www.apolinav.cl\/index.php\/wp-json\/wp\/v2\/media?parent=34"}],"curies":[{"name":"wp","href":"https:\/\/api.w.org\/{rel}","templated":true}]}}