{"id":3014,"date":"2016-06-22T19:22:28","date_gmt":"2016-06-22T19:22:28","guid":{"rendered":"http:\/\/www.apolinav.cl\/?page_id=3014"},"modified":"2022-02-22T15:53:37","modified_gmt":"2022-02-22T18:53:37","slug":"curso-rema","status":"publish","type":"page","link":"https:\/\/www.apolinav.cl\/index.php\/curso-rema\/","title":{"rendered":"Curso Rema"},"content":{"rendered":"[vc_row][vc_column][vc_column_text]\n<h4>CURSO REMA<\/h4>\n[\/vc_column_text][vc_column_text]\n<p style=\"text-align: justify;\">Capacitaci\u00f3n y entrenamiento en atenci\u00f3n inicial de v\u00edctimas de trauma, emergencias m\u00e9dicas y resucitaci\u00f3n cardiopulmonar. Dirigido a Personal de Sanidad priorizando puestos operativos, servicios de urgencia y en pre-despliegue.<\/p>\n<p style=\"text-align: justify;\">Duraci\u00f3n: 2 d\u00edas<\/p>\n<p style=\"text-align: justify;\">Validez : 4 a\u00f1os<\/p>\n[\/vc_column_text][vc_separator][vc_column_text]\n<h4>CURSO REMA AVANZADO<\/h4>\n[\/vc_column_text][vc_column_text]Entrenamiento avanzado en t\u00e9cnicas espec\u00edficas orientadas a adquirir competencias necesarias para la atenci\u00f3n de paciente cr\u00edtico, priorizando personal de unidades y\/o puestos operativos.<\/p>\n<p>Duraci\u00f3n: 2 d\u00edas<\/p>\n<p>Validez: 4 a\u00f1os<\/p>\n<p>Requisito: Contar con Curso REMA aprobado y vigente.[\/vc_column_text][vc_separator][vc_column_text]\n<h4>CURSO REMATAC<\/h4>\n[\/vc_column_text][vc_column_text]Entrenamiento y nivelaci\u00f3n de competencias en atenci\u00f3n de v\u00edctimas en ambiente t\u00e1ctico.<\/p>\n<p>Duraci\u00f3n: 2 d\u00edas<\/p>\n<p>Validez: 4 a\u00f1os<\/p>\n<p>Requisito: Curso C4 no vigente (M\u00c1S DE 6 A\u00d1OS).[\/vc_column_text][vc_separator][vc_column_text]\n<h4>CURSO REMA EVACRIT<\/h4>\n[\/vc_column_text][vc_column_text]Capacitaci\u00f3n y entrenamiento en aeroevacuaci\u00f3n de paciente cr\u00edtico. Dirigido a personal que conforma tripulaciones aerom\u00e9dicas (hospitales).<\/p>\n<p>Duraci\u00f3n: 2 d\u00edas<\/p>\n<p>Validez: 4 a\u00f1os[\/vc_column_text][vc_separator][vc_separator][vc_column_text]\n<h4 style=\"text-align: center;\">POSTULACI\u00d3N V\u00cdA MENSAJE NAVAL A DIRECPERS.<\/h4>\n[\/vc_column_text][vc_column_text]\n<pre>Contacto:\r\nAcademia Polit\u00e9cnica Naval\r\nDivisi\u00f3n de Instrucci\u00f3n y Simulaci\u00f3n M\u00e9dica\r\nFono: 56-32-2573993\r\n<a href=\"mailto:cmunozcas@armada.cl\">cmunozcas@armada.cl<\/a> - <a href=\"mailto:clopezc@armada.cl\">clopezc@armada.cl<\/a><\/pre>\n[\/vc_column_text][\/vc_column][\/vc_row]\n","protected":false},"excerpt":{"rendered":"<p>[vc_row][vc_column][vc_column_text] CURSO REMA [\/vc_column_text][vc_column_text] Capacitaci\u00f3n y entrenamiento en atenci\u00f3n inicial de v\u00edctimas de trauma, emergencias m\u00e9dicas y resucitaci\u00f3n cardiopulmonar. Dirigido a Personal de Sanidad priorizando puestos operativos, servicios de urgencia y en pre-despliegue. Duraci\u00f3n: 2 d\u00edas Validez : 4 a\u00f1os [\/vc_column_text][vc_separator][vc_column_text] CURSO REMA AVANZADO [\/vc_column_text][vc_column_text]Entrenamiento avanzado en t\u00e9cnicas espec\u00edficas orientadas a adquirir competencias necesarias para [&hellip;]<\/p>\n","protected":false},"author":3,"featured_media":0,"parent":0,"menu_order":0,"comment_status":"closed","ping_status":"closed","template":"","meta":{"footnotes":""},"class_list":["post-3014","page","type-page","status-publish","hentry"],"_links":{"self":[{"href":"https:\/\/www.apolinav.cl\/index.php\/wp-json\/wp\/v2\/pages\/3014","targetHints":{"allow":["GET"]}}],"collection":[{"href":"https:\/\/www.apolinav.cl\/index.php\/wp-json\/wp\/v2\/pages"}],"about":[{"href":"https:\/\/www.apolinav.cl\/index.php\/wp-json\/wp\/v2\/types\/page"}],"author":[{"embeddable":true,"href":"https:\/\/www.apolinav.cl\/index.php\/wp-json\/wp\/v2\/users\/3"}],"replies":[{"embeddable":true,"href":"https:\/\/www.apolinav.cl\/index.php\/wp-json\/wp\/v2\/comments?post=3014"}],"version-history":[{"count":11,"href":"https:\/\/www.apolinav.cl\/index.php\/wp-json\/wp\/v2\/pages\/3014\/revisions"}],"predecessor-version":[{"id":18202,"href":"https:\/\/www.apolinav.cl\/index.php\/wp-json\/wp\/v2\/pages\/3014\/revisions\/18202"}],"wp:attachment":[{"href":"https:\/\/www.apolinav.cl\/index.php\/wp-json\/wp\/v2\/media?parent=3014"}],"curies":[{"name":"wp","href":"https:\/\/api.w.org\/{rel}","templated":true}]}}