{"id":2869,"date":"2016-06-15T13:25:18","date_gmt":"2016-06-15T13:25:18","guid":{"rendered":"http:\/\/www.apolinav.cl\/?page_id=2869"},"modified":"2024-09-23T15:37:47","modified_gmt":"2024-09-23T18:37:47","slug":"division-de-instruccion-y-simulacion-medica","status":"publish","type":"page","link":"https:\/\/www.apolinav.cl\/index.php\/division-de-instruccion-y-simulacion-medica\/","title":{"rendered":"Divisi\u00f3n de Instrucci\u00f3n y Simulaci\u00f3n M\u00e9dica"},"content":{"rendered":"[vc_row][vc_column][vc_single_image image=&#8221;5916&#8243; img_size=&#8221;full&#8221; alignment=&#8221;center&#8221;][vc_column_text]\n<p style=\"text-align: justify;\">La Divisi\u00f3n de \u00a0Instrucci\u00f3n y Simulaci\u00f3n M\u00e9dica pertenece \u00a0al Departamento de Extensi\u00f3n de la Academia Polit\u00e9cnica Naval, tiene por funci\u00f3n la capacitaci\u00f3n en salud del personal de la instituci\u00f3n y su misi\u00f3n es la siguiente:<\/p>\n<p style=\"text-align: justify;\">Planificar la capacitaci\u00f3n y entrenamiento del personal institucional en salud, en el \u00e1mbito de la medicina operativa y apoyar el proceso instruccional en salud, con el prop\u00f3sito de contribuir al alistamiento operativo de las fuerzas, equipos de sanidad tanto hospitalarios como prehospitalarios y de otras especialidades navales.<\/p>\n[\/vc_column_text][vc_separator][vc_column_text]\n<h3 style=\"text-align: center;\">Cursos y material de estudio<\/h3>\n[\/vc_column_text][\/vc_column][\/vc_row][vc_row][vc_column width=&#8221;1\/3&#8243;][vc_single_image image=&#8221;2905&#8243; img_size=&#8221;full&#8221; alignment=&#8221;center&#8221; onclick=&#8221;custom_link&#8221; link=&#8221;http:\/\/www.apolinav.cl\/index.php\/curso-rema\/&#8221;][\/vc_column][vc_column width=&#8221;1\/3&#8243;][vc_single_image image=&#8221;2908&#8243; img_size=&#8221;full&#8221; alignment=&#8221;center&#8221; onclick=&#8221;custom_link&#8221; link=&#8221; https:\/\/www.apolinav.cl\/index.php\/curso-c4\/&#8221;][\/vc_column][vc_column width=&#8221;1\/3&#8243;][vc_single_image image=&#8221;28415&#8243; img_size=&#8221;full&#8221; alignment=&#8221;center&#8221; onclick=&#8221;custom_link&#8221; img_link_target=&#8221;_blank&#8221; link=&#8221;http:\/\/e-learning.armada.cl\/?page_id=1016 &#8220;][\/vc_column][vc_column][\/vc_column][\/vc_row][vc_row][vc_column][vc_column_text]\n<h3 style=\"text-align: center;\">Manejo de Crisis<\/h3>\n[\/vc_column_text][\/vc_column][\/vc_row][vc_row][vc_column width=&#8221;1\/2&#8243;][vc_single_image image=&#8221;19443&#8243; img_size=&#8221;full&#8221; alignment=&#8221;center&#8221; onclick=&#8221;custom_link&#8221; img_link_target=&#8221;_blank&#8221; link=&#8221;https:\/\/www.apolinav.cl\/wp-content\/uploads\/2022\/06\/manejo-de-recursos-en-crisis-infografia.pdf&#8221;][\/vc_column][vc_column width=&#8221;1\/2&#8243;][vc_single_image image=&#8221;19442&#8243; img_size=&#8221;full&#8221; alignment=&#8221;center&#8221; onclick=&#8221;custom_link&#8221; img_link_target=&#8221;_blank&#8221; link=&#8221;https:\/\/www.apolinav.cl\/wp-content\/uploads\/2022\/06\/MANEJO-DE-RECURSOS-EN-CRISIS.pdf&#8221;][\/vc_column][\/vc_row]\n","protected":false},"excerpt":{"rendered":"<p>[vc_row][vc_column][vc_single_image image=&#8221;5916&#8243; img_size=&#8221;full&#8221; alignment=&#8221;center&#8221;][vc_column_text] La Divisi\u00f3n de \u00a0Instrucci\u00f3n y Simulaci\u00f3n M\u00e9dica pertenece \u00a0al Departamento de Extensi\u00f3n de la Academia Polit\u00e9cnica Naval, tiene por funci\u00f3n la capacitaci\u00f3n en salud del personal de la instituci\u00f3n y su misi\u00f3n es la siguiente: Planificar la capacitaci\u00f3n y entrenamiento del personal institucional en salud, en el \u00e1mbito de la medicina [&hellip;]<\/p>\n","protected":false},"author":3,"featured_media":0,"parent":0,"menu_order":0,"comment_status":"closed","ping_status":"closed","template":"","meta":{"footnotes":""},"class_list":["post-2869","page","type-page","status-publish","hentry"],"_links":{"self":[{"href":"https:\/\/www.apolinav.cl\/index.php\/wp-json\/wp\/v2\/pages\/2869","targetHints":{"allow":["GET"]}}],"collection":[{"href":"https:\/\/www.apolinav.cl\/index.php\/wp-json\/wp\/v2\/pages"}],"about":[{"href":"https:\/\/www.apolinav.cl\/index.php\/wp-json\/wp\/v2\/types\/page"}],"author":[{"embeddable":true,"href":"https:\/\/www.apolinav.cl\/index.php\/wp-json\/wp\/v2\/users\/3"}],"replies":[{"embeddable":true,"href":"https:\/\/www.apolinav.cl\/index.php\/wp-json\/wp\/v2\/comments?post=2869"}],"version-history":[{"count":32,"href":"https:\/\/www.apolinav.cl\/index.php\/wp-json\/wp\/v2\/pages\/2869\/revisions"}],"predecessor-version":[{"id":28492,"href":"https:\/\/www.apolinav.cl\/index.php\/wp-json\/wp\/v2\/pages\/2869\/revisions\/28492"}],"wp:attachment":[{"href":"https:\/\/www.apolinav.cl\/index.php\/wp-json\/wp\/v2\/media?parent=2869"}],"curies":[{"name":"wp","href":"https:\/\/api.w.org\/{rel}","templated":true}]}}