{"id":22396,"date":"2023-01-18T15:47:05","date_gmt":"2023-01-18T18:47:05","guid":{"rendered":"https:\/\/www.apolinav.cl\/?page_id=22396"},"modified":"2023-06-28T14:22:30","modified_gmt":"2023-06-28T18:22:30","slug":"vinculacion-objetivos","status":"publish","type":"page","link":"https:\/\/www.apolinav.cl\/index.php\/vinculacion-objetivos\/","title":{"rendered":"VINCULACI\u00d3N &#8211; OBJETIVOS"},"content":{"rendered":"[vc_row][vc_column width=&#8221;2\/3&#8243;][mk_title_box font_family=&#8221;none&#8221;]\n<p style=\"text-align: center;\"><strong>\u00bfQu\u00e9 entiende la APN por Vinculaci\u00f3n con el Medio?<\/strong><\/p>\n[\/mk_title_box][mk_title_box size=&#8221;14&#8243; font_family=&#8221;none&#8221;]\n<p style=\"text-align: justify;\">Para la Academia, la Vinculaci\u00f3n con el Medio es la interacci\u00f3n significativa, intencionada, permanente y de mutuo beneficio con los actores del entorno de inter\u00e9s; en alguna de las \u00e1reas de formaci\u00f3n y capacitaci\u00f3n del personal de la Armada de Chile, contribuyendo tambi\u00e9n al esfuerzo Institucional en beneficio del desarrollo nacional.<\/p>\n[\/mk_title_box][\/vc_column][vc_column width=&#8221;1\/3&#8243;][vc_single_image image=&#8221;22402&#8243; img_size=&#8221;medium&#8221;][\/vc_column][\/vc_row][vc_row][vc_column][mk_title_box font_family=&#8221;none&#8221;]\n<p style=\"text-align: center;\"><strong>Prop\u00f3sito de la Vinculaci\u00f3n con el Medio.<\/strong><\/p>\n[\/mk_title_box][mk_title_box size=&#8221;14&#8243; font_family=&#8221;none&#8221;]\n<p style=\"text-align: justify;\">Mediante la Vinculaci\u00f3n con el Medio, la A.P.N. busca construir relaciones bidireccionales de largo plazo con actores relevantes del entorno, a fin de desarrollar sus procesos acad\u00e9micos de formaci\u00f3n y capacitaci\u00f3n; como tambi\u00e9n, satisfacer necesidades y aportar valor a los grupos de inter\u00e9s del entorno significativo y a la sociedad en general. La Vinculaci\u00f3n no es un fin en s\u00ed, sino que sirve transversalmente a las funciones misionales de formaci\u00f3n de pregrado, formaci\u00f3n de posgrado, siendo transversal en todos sus procesos.<\/p>\n[\/mk_title_box][\/vc_column][\/vc_row][vc_row][vc_column][mk_gallery images=&#8221;24609&#8243; style=&#8221;style1&#8243; hover_scenarios=&#8221;slow_zoom&#8221; frame_style=&#8221;rounded&#8221; item_id=&#8221;1687976472-649c7a18cc3c2&#8243;][\/vc_column][\/vc_row]\n","protected":false},"excerpt":{"rendered":"<p>[vc_row][vc_column width=&#8221;2\/3&#8243;][mk_title_box font_family=&#8221;none&#8221;] \u00bfQu\u00e9 entiende la APN por Vinculaci\u00f3n con el Medio? [\/mk_title_box][mk_title_box size=&#8221;14&#8243; font_family=&#8221;none&#8221;] Para la Academia, la Vinculaci\u00f3n con el Medio es la interacci\u00f3n significativa, intencionada, permanente y de mutuo beneficio con los actores del entorno de inter\u00e9s; en alguna de las \u00e1reas de formaci\u00f3n y capacitaci\u00f3n del personal de la Armada de [&hellip;]<\/p>\n","protected":false},"author":3,"featured_media":0,"parent":0,"menu_order":0,"comment_status":"closed","ping_status":"closed","template":"","meta":{"footnotes":""},"class_list":["post-22396","page","type-page","status-publish","hentry"],"_links":{"self":[{"href":"https:\/\/www.apolinav.cl\/index.php\/wp-json\/wp\/v2\/pages\/22396","targetHints":{"allow":["GET"]}}],"collection":[{"href":"https:\/\/www.apolinav.cl\/index.php\/wp-json\/wp\/v2\/pages"}],"about":[{"href":"https:\/\/www.apolinav.cl\/index.php\/wp-json\/wp\/v2\/types\/page"}],"author":[{"embeddable":true,"href":"https:\/\/www.apolinav.cl\/index.php\/wp-json\/wp\/v2\/users\/3"}],"replies":[{"embeddable":true,"href":"https:\/\/www.apolinav.cl\/index.php\/wp-json\/wp\/v2\/comments?post=22396"}],"version-history":[{"count":11,"href":"https:\/\/www.apolinav.cl\/index.php\/wp-json\/wp\/v2\/pages\/22396\/revisions"}],"predecessor-version":[{"id":24611,"href":"https:\/\/www.apolinav.cl\/index.php\/wp-json\/wp\/v2\/pages\/22396\/revisions\/24611"}],"wp:attachment":[{"href":"https:\/\/www.apolinav.cl\/index.php\/wp-json\/wp\/v2\/media?parent=22396"}],"curies":[{"name":"wp","href":"https:\/\/api.w.org\/{rel}","templated":true}]}}