{"id":1916,"date":"2016-04-19T17:31:45","date_gmt":"2016-04-19T17:31:45","guid":{"rendered":"http:\/\/www.apolinav.cl\/proyecto\/?page_id=1916"},"modified":"2019-05-16T23:48:28","modified_gmt":"2019-05-16T23:48:28","slug":"plan-de-mejoramiento-institucional","status":"publish","type":"page","link":"https:\/\/www.apolinav.cl\/index.php\/plan-de-mejoramiento-institucional\/","title":{"rendered":"Plan de Mejoramiento Institucional"},"content":{"rendered":"[vc_row][vc_column width=&#8221;1\/2&#8243;][mk_image src=&#8221;http:\/\/www.apolinav.cl\/wp-content\/uploads\/2016\/04\/mecesup.jpg&#8221; crop=&#8221;false&#8221; align=&#8221;center&#8221;][mk_button dimension=&#8221;outline&#8221; size=&#8221;medium&#8221; outline_skin=&#8221;custom&#8221; outline_active_color=&#8221;#0a4a70&#8243; url=&#8221;http:\/\/www.apolinav.cl\/wp-content\/uploads\/2016\/06\/pro_mecesup.pdf&#8221; target=&#8221;_blank&#8221; align=&#8221;center&#8221; fullwidth=&#8221;true&#8221;]Ver P.M.I. APOLINAV[\/mk_button][\/vc_column][vc_column width=&#8221;1\/2&#8243;][vc_column_text]\n<h4>Mayores informaciones:<\/h4>\n<p>Fono<\/p>\n<ul>\n<li>32-2848749<\/li>\n<\/ul>\n<p>Correo electr\u00f3nico<\/p>\n<ul>\n<li>cjarav@armada.cl<\/li>\n<\/ul>\n[\/vc_column_text][\/vc_column][\/vc_row][vc_row][vc_column][vc_empty_space][vc_separator][\/vc_column][\/vc_row][vc_row][vc_column][vc_column_text]\n<h4 style=\"text-align: center;\">Postulaciones:\u00a0\u00a0\u00a0 hasta el lunes 7 de mayo de 2018.<\/h4>\n[\/vc_column_text][\/vc_column][\/vc_row][vc_row][vc_column width=&#8221;1\/3&#8243;][vc_btn title=&#8221;Curriculista&#8221; align=&#8221;center&#8221; button_block=&#8221;true&#8221; link=&#8221;url:https%3A%2F%2Fwww.apolinav.cl%2Fwp-content%2Fuploads%2F2018%2F04%2FPERFIL_CURRICULISTA.pdf||target:%20_blank&#8221;][\/vc_column][vc_column width=&#8221;1\/3&#8243;][vc_btn title=&#8221;Estad\u00edstico\/a&#8221; align=&#8221;center&#8221; button_block=&#8221;true&#8221; link=&#8221;url:https%3A%2F%2Fwww.apolinav.cl%2Fwp-content%2Fuploads%2F2018%2F04%2FPERFIL_ESTADISTICO.pdf||target:%20_blank&#8221;][\/vc_column][vc_column width=&#8221;1\/3&#8243;][vc_btn title=&#8221;Secretaria&#8221; align=&#8221;center&#8221; button_block=&#8221;true&#8221; link=&#8221;url:https%3A%2F%2Fwww.apolinav.cl%2Fwp-content%2Fuploads%2F2018%2F04%2FPERFIL_SECRETARIA.pdf||target:%20_blank&#8221;][\/vc_column][\/vc_row][vc_row][vc_column][vc_empty_space][vc_separator][\/vc_column][\/vc_row][vc_row][vc_column width=&#8221;1\/2&#8243;][vc_column_text]\n<h4 style=\"text-align: center;\">Anuario 2016<\/h4>\n[\/vc_column_text][vc_single_image image=&#8221;6107&#8243; img_size=&#8221;medium&#8221; alignment=&#8221;center&#8221; onclick=&#8221;custom_link&#8221; img_link_target=&#8221;_blank&#8221; link=&#8221;http:\/\/www.apolinav.cl\/wp-content\/uploads\/2017\/09\/anuario_apn_2016.pdf&#8221;][\/vc_column][vc_column width=&#8221;1\/2&#8243;][vc_column_text]\n<h4 style=\"text-align: center;\">Documentos<\/h4>\n[\/vc_column_text][mk_button dimension=&#8221;outline&#8221; size=&#8221;medium&#8221; outline_skin=&#8221;custom&#8221; outline_active_color=&#8221;#0a4a70&#8243; url=&#8221;http:\/\/www.apolinav.cl\/index.php\/plan-de-mejoramiento-institucional\/postulaciones-mecesup\/&#8221; target=&#8221;_blank&#8221; align=&#8221;center&#8221; fullwidth=&#8221;true&#8221;]Postulaciones anteriores[\/mk_button][mk_button dimension=&#8221;outline&#8221; size=&#8221;medium&#8221; outline_skin=&#8221;custom&#8221; outline_active_color=&#8221;#0a4a70&#8243; url=&#8221;http:\/\/www.apolinav.cl\/wp-content\/uploads\/2016\/12\/Inventario_PMIFPN1501_3_22nov2016.pdf&#8221; target=&#8221;_blank&#8221; align=&#8221;center&#8221; fullwidth=&#8221;true&#8221;]Inventario[\/mk_button][mk_button dimension=&#8221;outline&#8221; size=&#8221;medium&#8221; outline_skin=&#8221;custom&#8221; outline_active_color=&#8221;#0a4a70&#8243; url=&#8221;http:\/\/www.apolinav.cl\/wp-content\/uploads\/2016\/06\/noticia_mecesup03_oficina.pdf&#8221; target=&#8221;_blank&#8221; align=&#8221;center&#8221; fullwidth=&#8221;true&#8221;]Dependencias[\/mk_button][mk_button dimension=&#8221;outline&#8221; size=&#8221;medium&#8221; outline_skin=&#8221;custom&#8221; outline_active_color=&#8221;#0a4a70&#8243; url=&#8221;http:\/\/www.apolinav.cl\/wp-content\/uploads\/2016\/06\/noticia_mecesup01_resen\u0303a.pdf&#8221; target=&#8221;_blank&#8221; align=&#8221;center&#8221; fullwidth=&#8221;true&#8221;]Rese\u00f1a[\/mk_button][\/vc_column][\/vc_row][vc_row][vc_column][vc_empty_space][vc_separator][vc_column_text]\n<h4 style=\"text-align: center;\">Noticias<\/h4>\n[\/vc_column_text][\/vc_column][\/vc_row][vc_row][vc_column width=&#8221;1\/3&#8243;][vc_column_text]\n<h5 class=\"page-introduce-title \">PROYECTO MECESUP DE LA APOLINAV ES REVISTADO POR EL MINISTERIO DE EDUCACI\u00d3N.<\/h5>\n[\/vc_column_text][vc_single_image image=&#8221;5094&#8243; img_size=&#8221;full&#8221; alignment=&#8221;center&#8221; style=&#8221;vc_box_outline&#8221;][vc_btn title=&#8221;Ver noticia&#8221; align=&#8221;center&#8221; button_block=&#8221;true&#8221; link=&#8221;url:http%3A%2F%2Fwww.apolinav.cl%2Findex.php%2Fproyecto-mecesup-de-la-apolinav-es-revistado-por-el-ministerio-de-educacion%2F||&#8221;][\/vc_column][vc_column width=&#8221;1\/3&#8243;][vc_column_text]\n<h5 class=\"page-introduce-title \">APOLINAV\u00a0INAUGUR\u00d3 CURSOS DE PERFECCIONAMIENTO PARA SUS DOCENTES.<\/h5>\n[\/vc_column_text][vc_single_image image=&#8221;5226&#8243; img_size=&#8221;full&#8221; alignment=&#8221;center&#8221; style=&#8221;vc_box_outline&#8221;][vc_btn title=&#8221;Ver noticia&#8221; align=&#8221;center&#8221; button_block=&#8221;true&#8221; link=&#8221;url:http%3A%2F%2Fwww.apolinav.cl%2Findex.php%2Facademia-politecnica-naval-inauguro-cursos-de-perfeccionamiento-para-sus-docentes%2F||&#8221;][\/vc_column][vc_column width=&#8221;1\/3&#8243;][vc_column_text]\n<h5 class=\"page-introduce-title \">MECESUP Y DEPTO. APOYO ACAD\u00c9MICO A.P.N. PREPARAN A LOS ALUMNOS EN MOODLE.<\/h5>\n[\/vc_column_text][vc_single_image image=&#8221;5161&#8243; img_size=&#8221;full&#8221; alignment=&#8221;center&#8221; style=&#8221;vc_box_outline&#8221;][vc_btn title=&#8221;Ver noticia&#8221; align=&#8221;center&#8221; button_block=&#8221;true&#8221; link=&#8221;url:http%3A%2F%2Fwww.apolinav.cl%2Findex.php%2Fproyecto-mecesup-y-depto-apoyo-academico-a-p-n-preparan-a-los-alumnos-en-la-plataforma-educacional-moodle%2F||&#8221;][\/vc_column][\/vc_row][vc_row][vc_column width=&#8221;1\/3&#8243;][vc_column_text]\n<h5 class=\"page-introduce-title \" style=\"text-align: center;\">ACADEMIA POLIT\u00c9CNICA NAVAL TRABAJA EN EL PROYECTO MECESUP.<\/h5>\n[\/vc_column_text][vc_single_image image=&#8221;3149&#8243; img_size=&#8221;full&#8221; alignment=&#8221;center&#8221; style=&#8221;vc_box_outline&#8221;][vc_btn title=&#8221;Ver noticia&#8221; align=&#8221;center&#8221; button_block=&#8221;true&#8221; link=&#8221;url:http%3A%2F%2Fwww.apolinav.cl%2Findex.php%2Fnoticias%2Facademia-politecnica-naval-trabaja-en-el-proyecto-mecesup%2F||&#8221;][\/vc_column][vc_column width=&#8221;1\/3&#8243;][vc_column_text]\n<h5 class=\"page-introduce-title \" style=\"text-align: center;\">PROYECTO MECESUP DE LA APOLINAV AVANZA EN FORMA FIRME.<\/h5>\n[\/vc_column_text][vc_single_image image=&#8221;3413&#8243; img_size=&#8221;full&#8221; alignment=&#8221;center&#8221; style=&#8221;vc_box_outline&#8221;][vc_btn title=&#8221;Ver noticia&#8221; align=&#8221;center&#8221; button_block=&#8221;true&#8221; link=&#8221;url:http%3A%2F%2Fwww.apolinav.cl%2Findex.php%2Fnoticias%2Fproyecto-mecesup-de-la-apolinav-avanza-en-forma-firme%2F||&#8221;][\/vc_column][vc_column width=&#8221;1\/3&#8243;][vc_empty_space height=&#8221;28px&#8221;][vc_column_text]\n<h5 style=\"text-align: center;\">CONTIN\u00daAN REUNIONES DEL MECESUP ENTRE LA APOLINAV Y ESCUELA DE GRUMETES.<\/h5>\n[\/vc_column_text][vc_single_image image=&#8221;3587&#8243; img_size=&#8221;335&#215;225&#8243; alignment=&#8221;center&#8221; style=&#8221;vc_box_outline&#8221;][vc_btn title=&#8221;Ver noticia&#8221; align=&#8221;center&#8221; button_block=&#8221;true&#8221; link=&#8221;url:http%3A%2F%2Fwww.apolinav.cl%2Findex.php%2Fcontinuan-reuniones-del-mecesup-entre-la-apolinav-y-esgrum%2F||&#8221;][\/vc_column][\/vc_row][vc_row][vc_column width=&#8221;1\/3&#8243;][vc_column_text]\n<h5 style=\"text-align: center;\">PROYECTO MECESUP DE LA APOLINAV TRABAJA EN LA UNI\u00d3N DE LAS BIBLIOTECAS NAVALES<\/h5>\n[\/vc_column_text][vc_single_image image=&#8221;4908&#8243; img_size=&#8221;full&#8221; alignment=&#8221;center&#8221; style=&#8221;vc_box_outline&#8221;][vc_btn title=&#8221;Ver noticia&#8221; align=&#8221;center&#8221; button_block=&#8221;true&#8221; link=&#8221;url:http%3A%2F%2Fwww.apolinav.cl%2Findex.php%2Fproyecto-mecesup-de-la-apolinav-trabaja-en-la-union-de-las-bibliotecas-navales%2F||&#8221;][\/vc_column][vc_column width=&#8221;1\/3&#8243;][vc_column_text]\n<h5 style=\"text-align: center;\">PROYECTO MECESUP RE\u00daNE AL \u00c1REA ACAD\u00c9MICA DE LA APOLINAV Y DE LA\u00a0 ESGRUM.<\/h5>\n[\/vc_column_text][vc_single_image image=&#8221;4150&#8243; img_size=&#8221;full&#8221; alignment=&#8221;center&#8221; style=&#8221;vc_box_outline&#8221;][vc_btn title=&#8221;Ver noticia&#8221; align=&#8221;center&#8221; button_block=&#8221;true&#8221; link=&#8221;url:http%3A%2F%2Fwww.apolinav.cl%2Findex.php%2Fproyecto-mecesup-reune-al-area-academica-de-la-apolinav-y-esgrum%2F||&#8221;][\/vc_column][vc_column width=&#8221;1\/3&#8243;][vc_column_text]\n<h5 style=\"text-align: center;\">CONTIN\u00daAN LOS TRABAJOS CONJUNTOS DEL MECESUP ENTRE LA APOLINAV Y ESGRUM.<\/h5>\n[\/vc_column_text][vc_single_image image=&#8221;5848&#8243; img_size=&#8221;335&#215;220&#8243; alignment=&#8221;center&#8221; style=&#8221;vc_box_outline&#8221;][vc_btn title=&#8221;Ver noticia&#8221; align=&#8221;center&#8221; button_block=&#8221;true&#8221; link=&#8221;url:http%3A%2F%2Fwww.apolinav.cl%2Findex.php%2Fcontinuan-los-trabajos-conjuntos-del-mecesup-entre-la-apolinav-y-esgrum%2F||&#8221;][\/vc_column][\/vc_row][vc_row][vc_column width=&#8221;1\/3&#8243;][vc_column_text]\n<h5 style=\"text-align: center;\">CAPACITACI\u00d3N DE LOS BIBLIOTEC\u00d3LOGOS NAVALES PARA LA IMPLEMENTACI\u00d3N DE LA NUEVA PLATAFORMA.<\/h5>\n[\/vc_column_text][vc_single_image image=&#8221;5859&#8243; img_size=&#8221;full&#8221; alignment=&#8221;center&#8221; style=&#8221;vc_box_outline&#8221;][vc_btn title=&#8221;Ver noticia&#8221; align=&#8221;center&#8221; button_block=&#8221;true&#8221; link=&#8221;url:http%3A%2F%2Fwww.apolinav.cl%2Findex.php%2Fcapacitacion-de-los-bibliotecologos-navales-para-la-implementacion-de-la-nueva-plataforma%2F||&#8221;][\/vc_column][\/vc_row]\n","protected":false},"excerpt":{"rendered":"<p>[vc_row][vc_column width=&#8221;1\/2&#8243;][mk_image src=&#8221;http:\/\/www.apolinav.cl\/wp-content\/uploads\/2016\/04\/mecesup.jpg&#8221; crop=&#8221;false&#8221; align=&#8221;center&#8221;][mk_button dimension=&#8221;outline&#8221; size=&#8221;medium&#8221; outline_skin=&#8221;custom&#8221; outline_active_color=&#8221;#0a4a70&#8243; url=&#8221;http:\/\/www.apolinav.cl\/wp-content\/uploads\/2016\/06\/pro_mecesup.pdf&#8221; target=&#8221;_blank&#8221; align=&#8221;center&#8221; fullwidth=&#8221;true&#8221;]Ver P.M.I. APOLINAV[\/mk_button][\/vc_column][vc_column width=&#8221;1\/2&#8243;][vc_column_text] Mayores informaciones: Fono 32-2848749 Correo electr\u00f3nico cjarav@armada.cl [\/vc_column_text][\/vc_column][\/vc_row][vc_row][vc_column][vc_empty_space][vc_separator][\/vc_column][\/vc_row][vc_row][vc_column][vc_column_text] Postulaciones:\u00a0\u00a0\u00a0 hasta el lunes 7 de mayo de 2018. [\/vc_column_text][\/vc_column][\/vc_row][vc_row][vc_column width=&#8221;1\/3&#8243;][vc_btn title=&#8221;Curriculista&#8221; align=&#8221;center&#8221; button_block=&#8221;true&#8221; link=&#8221;url:https%3A%2F%2Fwww.apolinav.cl%2Fwp-content%2Fuploads%2F2018%2F04%2FPERFIL_CURRICULISTA.pdf||target:%20_blank&#8221;][\/vc_column][vc_column width=&#8221;1\/3&#8243;][vc_btn title=&#8221;Estad\u00edstico\/a&#8221; align=&#8221;center&#8221; button_block=&#8221;true&#8221; link=&#8221;url:https%3A%2F%2Fwww.apolinav.cl%2Fwp-content%2Fuploads%2F2018%2F04%2FPERFIL_ESTADISTICO.pdf||target:%20_blank&#8221;][\/vc_column][vc_column width=&#8221;1\/3&#8243;][vc_btn title=&#8221;Secretaria&#8221; align=&#8221;center&#8221; button_block=&#8221;true&#8221; link=&#8221;url:https%3A%2F%2Fwww.apolinav.cl%2Fwp-content%2Fuploads%2F2018%2F04%2FPERFIL_SECRETARIA.pdf||target:%20_blank&#8221;][\/vc_column][\/vc_row][vc_row][vc_column][vc_empty_space][vc_separator][\/vc_column][\/vc_row][vc_row][vc_column width=&#8221;1\/2&#8243;][vc_column_text] Anuario 2016 [\/vc_column_text][vc_single_image image=&#8221;6107&#8243; img_size=&#8221;medium&#8221; [&hellip;]<\/p>\n","protected":false},"author":5,"featured_media":0,"parent":0,"menu_order":0,"comment_status":"closed","ping_status":"closed","template":"","meta":{"footnotes":""},"class_list":["post-1916","page","type-page","status-publish","hentry"],"_links":{"self":[{"href":"https:\/\/www.apolinav.cl\/index.php\/wp-json\/wp\/v2\/pages\/1916","targetHints":{"allow":["GET"]}}],"collection":[{"href":"https:\/\/www.apolinav.cl\/index.php\/wp-json\/wp\/v2\/pages"}],"about":[{"href":"https:\/\/www.apolinav.cl\/index.php\/wp-json\/wp\/v2\/types\/page"}],"author":[{"embeddable":true,"href":"https:\/\/www.apolinav.cl\/index.php\/wp-json\/wp\/v2\/users\/5"}],"replies":[{"embeddable":true,"href":"https:\/\/www.apolinav.cl\/index.php\/wp-json\/wp\/v2\/comments?post=1916"}],"version-history":[{"count":47,"href":"https:\/\/www.apolinav.cl\/index.php\/wp-json\/wp\/v2\/pages\/1916\/revisions"}],"predecessor-version":[{"id":9319,"href":"https:\/\/www.apolinav.cl\/index.php\/wp-json\/wp\/v2\/pages\/1916\/revisions\/9319"}],"wp:attachment":[{"href":"https:\/\/www.apolinav.cl\/index.php\/wp-json\/wp\/v2\/media?parent=1916"}],"curies":[{"name":"wp","href":"https:\/\/api.w.org\/{rel}","templated":true}]}}