{"id":1497,"date":"2014-08-26T13:39:27","date_gmt":"2014-08-26T13:39:27","guid":{"rendered":"http:\/\/www.apolinav.cl\/proyecto\/?page_id=1497"},"modified":"2016-06-08T19:56:53","modified_gmt":"2016-06-08T19:56:53","slug":"jefes-de-catedras","status":"publish","type":"page","link":"https:\/\/www.apolinav.cl\/index.php\/bienvenida\/jefes-de-catedras\/","title":{"rendered":"Jefes de C\u00e1tedras"},"content":{"rendered":"[vc_row][vc_column][vc_column_text]\n<h4><span style=\"color: #26ade4;\">C\u00e1tedras Comunes:<\/span><\/h4>\n[\/vc_column_text][mk_table]\n<table width=\"100%\">\n<thead><\/thead>\n<tbody>\n<tr>\n<td style=\"text-align: left;\">01<\/td>\n<td style=\"text-align: left;\">Pietrantoni Navarro, Pedro<\/td>\n<td style=\"text-align: left;\">Infanter\u00eda de Marina<\/td>\n<\/tr>\n<tr>\n<td style=\"text-align: left;\">02<\/td>\n<td style=\"text-align: left;\">Sep\u00falveda Medina, Ricardo<\/td>\n<td style=\"text-align: left;\">Abastecimiento<\/td>\n<\/tr>\n<tr>\n<td style=\"text-align: left;\">03<\/td>\n<td style=\"text-align: left;\">Ruiz Fern\u00e1ndez, Victor<\/td>\n<td style=\"text-align: left;\">Litoral<\/td>\n<\/tr>\n<\/tbody>\n<\/table>\n[\/mk_table][vc_separator][vc_column_text]\n<h4><span style=\"color: #26ade4;\">C\u00e1tedras Oficiales:<\/span><\/h4>\n[\/vc_column_text][mk_table]\n<table width=\"100%\">\n<thead><\/thead>\n<tbody>\n<tr>\n<td style=\"text-align: left;\">01<\/td>\n<td style=\"text-align: left;\">Cardemil Borst, Rodolfo<\/td>\n<td style=\"text-align: left;\">Econom\u00eda y Administraci\u00f3n<\/td>\n<\/tr>\n<tr>\n<td style=\"text-align: left;\">02<\/td>\n<td style=\"text-align: left;\">Cort\u00e9z Fern\u00e1ndez, Miguel<\/td>\n<td style=\"text-align: left;\">Electr\u00f3nica<\/td>\n<\/tr>\n<tr>\n<td style=\"text-align: left;\">03<\/td>\n<td style=\"text-align: left;\">Morales Ponce, Gabriel<\/td>\n<td style=\"text-align: left;\">F\u00edsica<\/td>\n<\/tr>\n<tr>\n<td style=\"text-align: left;\">04<\/td>\n<td style=\"text-align: left;\">Reusser Franck, Carlos<\/td>\n<td style=\"text-align: left;\">Electricidad<\/td>\n<\/tr>\n<tr>\n<td style=\"text-align: left;\">05<\/td>\n<td style=\"text-align: left;\">Tuma Abufom, El\u00edas<\/td>\n<td style=\"text-align: left;\">Matem\u00e1ticas Superiores<\/td>\n<\/tr>\n<tr>\n<td style=\"text-align: left;\">06<\/td>\n<td style=\"text-align: left;\">V\u00e1squez Mu\u00f1oz, Miguel<\/td>\n<td style=\"text-align: left;\">Operaciones<\/td>\n<\/tr>\n<\/tbody>\n<\/table>\n[\/mk_table][vc_separator][vc_column_text]\n<h4><span style=\"color: #26ade4;\">C\u00e1tedras Gente de Mar:<\/span><\/h4>\n[\/vc_column_text][mk_table]\n<table width=\"100%\">\n<thead><\/thead>\n<tbody>\n<tr>\n<td style=\"text-align: left;\">01<\/td>\n<td style=\"text-align: left;\">Aguirre D\u00edaz, Marcela<\/td>\n<td style=\"text-align: left;\">F\u00edsica<\/td>\n<\/tr>\n<tr>\n<td style=\"text-align: left;\">02<\/td>\n<td style=\"text-align: left;\">Barahona Godoy, Carlos<\/td>\n<td style=\"text-align: left;\">Operaciones<\/td>\n<\/tr>\n<tr>\n<td style=\"text-align: left;\">03<\/td>\n<td style=\"text-align: left;\">Bravo Fern\u00e1ndez, Rolando<\/td>\n<td style=\"text-align: left;\">Educaci\u00f3n F\u00edsica<\/td>\n<\/tr>\n<tr>\n<td style=\"text-align: left;\">04<\/td>\n<td style=\"text-align: left;\">Cubillos Miranda, Ana<\/td>\n<td style=\"text-align: left;\">Matem\u00e1ticas<\/td>\n<\/tr>\n<tr>\n<td style=\"text-align: left;\">05<\/td>\n<td style=\"text-align: left;\">D\u00edaz Medina, Mario<\/td>\n<td style=\"text-align: left;\">Electricidad General<\/td>\n<\/tr>\n<tr>\n<td style=\"text-align: left;\">06<\/td>\n<td style=\"text-align: left;\">Hube Gonz\u00e1lez, Carlos<\/td>\n<td style=\"text-align: left;\">Electr\u00f3nica General<\/td>\n<\/tr>\n<tr>\n<td style=\"text-align: left;\">07<\/td>\n<td style=\"text-align: left;\">Rozas Maldonado, Jos\u00e9<\/td>\n<td style=\"text-align: left;\">Mec\u00e1nica General<\/td>\n<\/tr>\n<tr>\n<td style=\"text-align: left;\">08<\/td>\n<td style=\"text-align: left;\">Valderas Calder\u00f3n, Carmen<\/td>\n<td style=\"text-align: left;\">Sanidad<\/td>\n<\/tr>\n<\/tbody>\n<\/table>\n[\/mk_table][\/vc_column][\/vc_row]\n","protected":false},"excerpt":{"rendered":"<p>[vc_row][vc_column][vc_column_text] C\u00e1tedras Comunes: [\/vc_column_text][mk_table] 01 Pietrantoni Navarro, Pedro Infanter\u00eda de Marina 02 Sep\u00falveda Medina, Ricardo Abastecimiento 03 Ruiz Fern\u00e1ndez, Victor Litoral [\/mk_table][vc_separator][vc_column_text] C\u00e1tedras Oficiales: [\/vc_column_text][mk_table] 01 Cardemil Borst, Rodolfo Econom\u00eda y Administraci\u00f3n 02 Cort\u00e9z Fern\u00e1ndez, Miguel Electr\u00f3nica 03 Morales Ponce, Gabriel F\u00edsica 04 Reusser Franck, Carlos Electricidad 05 Tuma Abufom, El\u00edas Matem\u00e1ticas Superiores 06 V\u00e1squez [&hellip;]<\/p>\n","protected":false},"author":5,"featured_media":0,"parent":341,"menu_order":0,"comment_status":"open","ping_status":"open","template":"","meta":{"footnotes":""},"class_list":["post-1497","page","type-page","status-publish","hentry"],"_links":{"self":[{"href":"https:\/\/www.apolinav.cl\/index.php\/wp-json\/wp\/v2\/pages\/1497","targetHints":{"allow":["GET"]}}],"collection":[{"href":"https:\/\/www.apolinav.cl\/index.php\/wp-json\/wp\/v2\/pages"}],"about":[{"href":"https:\/\/www.apolinav.cl\/index.php\/wp-json\/wp\/v2\/types\/page"}],"author":[{"embeddable":true,"href":"https:\/\/www.apolinav.cl\/index.php\/wp-json\/wp\/v2\/users\/5"}],"replies":[{"embeddable":true,"href":"https:\/\/www.apolinav.cl\/index.php\/wp-json\/wp\/v2\/comments?post=1497"}],"version-history":[{"count":11,"href":"https:\/\/www.apolinav.cl\/index.php\/wp-json\/wp\/v2\/pages\/1497\/revisions"}],"predecessor-version":[{"id":30041,"href":"https:\/\/www.apolinav.cl\/index.php\/wp-json\/wp\/v2\/pages\/1497\/revisions\/30041"}],"up":[{"embeddable":true,"href":"https:\/\/www.apolinav.cl\/index.php\/wp-json\/wp\/v2\/pages\/341"}],"wp:attachment":[{"href":"https:\/\/www.apolinav.cl\/index.php\/wp-json\/wp\/v2\/media?parent=1497"}],"curies":[{"name":"wp","href":"https:\/\/api.w.org\/{rel}","templated":true}]}}