{"id":1034,"date":"2014-08-05T19:31:43","date_gmt":"2014-08-05T19:31:43","guid":{"rendered":"http:\/\/www.apolinav.cl\/proyecto\/?page_id=1034"},"modified":"2025-01-07T15:29:05","modified_gmt":"2025-01-07T18:29:05","slug":"director-de-la-academia","status":"publish","type":"page","link":"https:\/\/www.apolinav.cl\/index.php\/director-de-la-academia\/","title":{"rendered":"Nuestro Director"},"content":{"rendered":"[vc_row][vc_column width=&#8221;1\/3&#8243;][vc_single_image image=&#8221;29287&#8243; img_size=&#8221;300&#215;460&#8243; alignment=&#8221;center&#8221;][vc_column_text]\n<h5 style=\"text-align: left;\"><span style=\"color: #26ade4;\">Capit\u00e1n de Nav\u00edo<br \/>\nSr. Gerardo Zwanzger Lander<br \/>\n<\/span><\/h5>\n<h5 style=\"text-align: left;\"><span style=\"line-height: 1.5;\">Director de la Academia Polit\u00e9cnica Naval<\/span><\/h5>\n[\/vc_column_text][\/vc_column][vc_column width=&#8221;2\/3&#8243;][vc_column_text]\n<p style=\"margin: 0cm; margin-bottom: .0001pt; text-align: justify;\"><span style=\"font-size: 14.5pt; font-family: 'Arial','sans-serif'; color: #2c1810;\">CAPIT\u00c1N DE NAV\u00cdO GERARDO GUILLERMO ZWANZGER<\/span><\/p>\n<p>&nbsp;<\/p>\n<p style=\"margin: 0cm; margin-bottom: .0001pt; text-align: justify;\"><span style=\"font-size: 14.5pt; font-family: 'Arial','sans-serif'; color: #2c1810;\">DIRECTOR DE LA ACADEMIA POLIT\u00c9CNICA NAVAL. <\/span><\/p>\n<p style=\"text-align: justify;\"><span style=\"font-size: 14.5pt; font-family: 'Arial','sans-serif'; color: #2c1810;\">\u00a0<\/span><\/p>\n<p style=\"text-align: justify;\"><span style=\"font-size: 14.5pt; font-family: 'Arial','sans-serif'; color: #2c1810;\">El Capit\u00e1n de Nav\u00edo Sr. Gerardo Guillermo Zwanzger Lander, naci\u00f3 en la ciudad de Valdivia el 07 de abril de 1975. Egres\u00f3 de la Escuela Naval\u00a0Arturo Prat\u00a0en diciembre de 1996.<\/span><\/p>\n<p style=\"text-align: justify;\"><span style=\"font-size: 14.5pt; font-family: 'Arial','sans-serif'; color: #2c1810;\">Posteriormente (1997), realiz\u00f3 el Crucero de Instrucci\u00f3n a bordo del Buque Escuela BE-43\u00a0Esmeralda.<\/span><\/p>\n<p style=\"text-align: justify;\"><span style=\"font-size: 14.5pt; font-family: 'Arial','sans-serif'; color: #2c1810;\">Durante sus 16 a\u00f1os de embarco ha desempe\u00f1ado funciones a bordo del BE-43\u00a0Esmeralda\u00a0como instructor de Guardiamarinas (1999), en el ATF-66\u00a0Galvarino\u00a0(1998), la LM-39\u00a0Teniente Uribe(2003-2005), la FF-07\u00a0Almirante Lynch\u00a0(2007-2010), en la Comandancia en Jefe de la Escuadra (2012-2013) y en el LSDH\u00a0Sargento Aldea\u00a0(2020) como 2\u00b0 Comandante.<\/span><\/p>\n<p style=\"text-align: justify;\"><span style=\"font-size: 14.5pt; font-family: 'Arial','sans-serif'; color: #2c1810;\">Form\u00f3 parte de la primera dotaci\u00f3n de FF Lynch y se gradu\u00f3 como Jefe de Guardia de Unidad de Combate el a\u00f1o 2008. Tambi\u00e9n se desempe\u00f1\u00f3 como Oficial de Operaciones de la Comandancia en Jefe de la Quinta Zona Naval (2017), Subdirector de la Escuela Naval\u00a0Arturo Prat\u00a0(2018-2019) y Agregado Naval en Argentina (2022-2023).<\/span><\/p>\n<p style=\"text-align: justify;\"><span style=\"font-size: 14.5pt; font-family: 'Arial','sans-serif'; color: #2c1810;\">Ha sido Comandante de la LSG-1618 &#8220;Valpara\u00edso&#8221; (2011), PSG-72 &#8220;Contramaestre Ortiz&#8221; (2016), OPV-83\u00a0Marinero Fuentealba\u00a0(2021) y FF-19\u00a0Almirante Williams\u00a0(2024).<\/span><\/p>\n<p style=\"text-align: justify;\"><span style=\"font-size: 14.5pt; font-family: 'Arial','sans-serif'; color: #2c1810;\">Es especialista en Estado Mayor y Guerra de Superficie, posee el grado acad\u00e9mico de Magister en Ciencias Navales y Mar\u00edtimas de la Academia de Guerra Naval y Profesor Militar.<\/span><\/p>\n<p style=\"text-align: justify;\"><span style=\"font-size: 14.5pt; font-family: 'Arial','sans-serif'; color: #2c1810;\">El 03 de enero del a\u00f1o 2025 asumi\u00f3 como Director de la Academia Polit\u00e9cnica Naval. <\/span><\/p>\n<p style=\"text-align: justify;\"><span style=\"font-size: 14.5pt; font-family: 'Arial','sans-serif'; color: #2c1810;\">El Comandante Zwanzger es casado con la Sra. Mar\u00eda Jos\u00e9 Alejandra Corte Parada con quien tiene un hijo, Sebasti\u00e1n.<\/span><\/p>\n[\/vc_column_text][\/vc_column][\/vc_row][vc_row][vc_column][vc_column_text]\n[\/vc_column_text][\/vc_column][\/vc_row]\n","protected":false},"excerpt":{"rendered":"<p>[vc_row][vc_column width=&#8221;1\/3&#8243;][vc_single_image image=&#8221;29287&#8243; img_size=&#8221;300&#215;460&#8243; alignment=&#8221;center&#8221;][vc_column_text] Capit\u00e1n de Nav\u00edo Sr. Gerardo Zwanzger Lander Director de la Academia Polit\u00e9cnica Naval [\/vc_column_text][\/vc_column][vc_column width=&#8221;2\/3&#8243;][vc_column_text] CAPIT\u00c1N DE NAV\u00cdO GERARDO GUILLERMO ZWANZGER &nbsp; DIRECTOR DE LA ACADEMIA POLIT\u00c9CNICA NAVAL. \u00a0 El Capit\u00e1n de Nav\u00edo Sr. Gerardo Guillermo Zwanzger Lander, naci\u00f3 en la ciudad de Valdivia el 07 de abril de 1975. [&hellip;]<\/p>\n","protected":false},"author":5,"featured_media":0,"parent":0,"menu_order":0,"comment_status":"open","ping_status":"open","template":"","meta":{"footnotes":""},"class_list":["post-1034","page","type-page","status-publish","hentry"],"_links":{"self":[{"href":"https:\/\/www.apolinav.cl\/index.php\/wp-json\/wp\/v2\/pages\/1034","targetHints":{"allow":["GET"]}}],"collection":[{"href":"https:\/\/www.apolinav.cl\/index.php\/wp-json\/wp\/v2\/pages"}],"about":[{"href":"https:\/\/www.apolinav.cl\/index.php\/wp-json\/wp\/v2\/types\/page"}],"author":[{"embeddable":true,"href":"https:\/\/www.apolinav.cl\/index.php\/wp-json\/wp\/v2\/users\/5"}],"replies":[{"embeddable":true,"href":"https:\/\/www.apolinav.cl\/index.php\/wp-json\/wp\/v2\/comments?post=1034"}],"version-history":[{"count":45,"href":"https:\/\/www.apolinav.cl\/index.php\/wp-json\/wp\/v2\/pages\/1034\/revisions"}],"predecessor-version":[{"id":29294,"href":"https:\/\/www.apolinav.cl\/index.php\/wp-json\/wp\/v2\/pages\/1034\/revisions\/29294"}],"wp:attachment":[{"href":"https:\/\/www.apolinav.cl\/index.php\/wp-json\/wp\/v2\/media?parent=1034"}],"curies":[{"name":"wp","href":"https:\/\/api.w.org\/{rel}","templated":true}]}}