{"id":1032,"date":"2014-08-04T19:00:05","date_gmt":"2014-08-04T19:00:05","guid":{"rendered":"http:\/\/www.apolinav.cl\/proyecto\/?page_id=1032"},"modified":"2022-02-15T15:32:52","modified_gmt":"2022-02-15T18:32:52","slug":"capellan","status":"publish","type":"page","link":"https:\/\/www.apolinav.cl\/index.php\/bienvenida\/capellan\/","title":{"rendered":"Capell\u00e1n"},"content":{"rendered":"[vc_row][vc_column width=&#8221;1\/3&#8243; css=&#8221;.vc_custom_1460721437317{background-color: #f9f9f9 !important;}&#8221;][vc_single_image image=&#8221;18139&#8243; img_size=&#8221;full&#8221; alignment=&#8221;center&#8221;][\/vc_column][vc_column width=&#8221;2\/3&#8243;][vc_column_text]\n<h4><span style=\"color: #26ade4;\">Nombre:<\/span><\/h4>\n<p>Jaime Andr\u00e9s MU\u00d1OZ Sep\u00falveda.<\/p>\n<h4><span style=\"color: #26ade4;\">T\u00edtulo Profesional:<\/span><\/h4>\n<p>Licenciado en Teolog\u00eda.<\/p>\n<h4><span style=\"color: #26ade4;\">Grado Acad\u00e9mico:<\/span><\/h4>\n<p>2017\u00a0 Licenciado en Teolog\u00eda de la\u00a0Pontificia Universidad Cat\u00f3lica de Valpara\u00edso, Facultad de Teolog\u00eda.<\/p>\n<p><strong><span style=\"color: #26ade4;\">Perfeccionamiento:<\/span><\/strong><\/p>\n<p>2010\u00a0 Diplomado en Pastoral de la Salud, Pontificia Universidad Cat\u00f3lica de Chile.<\/p>\n<p>2021 &#8211; 2022\u00a0 \u00a0Cursando Post-t\u00edtulo &#8220;Orientaci\u00f3n, Psicoeducaci\u00f3n y Familia&#8221;, en Universidad de Los Andes.<\/p>\n<p><strong><span style=\"color: #26ade4;\">Docencia:<\/span><\/strong><\/p>\n<p>2018\u00a0 \u00a0Clases de Filosof\u00eda, \u00c9tica y Moral &#8211; Curso de Grumetes de la A.P.N.<\/p>\n<h4><span style=\"color: #26ade4;\">Actividades:<br \/>\n<\/span><\/h4>\n<p>2009\u00a0 \u00a0Ingres\u00f3 al Pontificio Seminario Mayor San Rafael.<\/p>\n<p>2018\u00a0 \u00a0Ordenado Di\u00e1cono.<\/p>\n<p>2019\u00a0 \u00a0Ordenado Sacerdote.<\/p>\n<p>2019\u00a0 \u00a0Capell\u00e1n del Comando de Operaciones Navales.<\/p>\n<p>2020 &#8211; 2021\u00a0 \u00a0Capell\u00e1n Buque Escuela Esmeralda.<\/p>\n<p>2022\u00a0 \u00a0Capell\u00e1n de la Primera Zona Naval.[\/vc_column_text][\/vc_column][\/vc_row]\n","protected":false},"excerpt":{"rendered":"<p>[vc_row][vc_column width=&#8221;1\/3&#8243; css=&#8221;.vc_custom_1460721437317{background-color: #f9f9f9 !important;}&#8221;][vc_single_image image=&#8221;18139&#8243; img_size=&#8221;full&#8221; alignment=&#8221;center&#8221;][\/vc_column][vc_column width=&#8221;2\/3&#8243;][vc_column_text] Nombre: Jaime Andr\u00e9s MU\u00d1OZ Sep\u00falveda. T\u00edtulo Profesional: Licenciado en Teolog\u00eda. Grado Acad\u00e9mico: 2017\u00a0 Licenciado en Teolog\u00eda de la\u00a0Pontificia Universidad Cat\u00f3lica de Valpara\u00edso, Facultad de Teolog\u00eda. Perfeccionamiento: 2010\u00a0 Diplomado en Pastoral de la Salud, Pontificia Universidad Cat\u00f3lica de Chile. 2021 &#8211; 2022\u00a0 \u00a0Cursando Post-t\u00edtulo &#8220;Orientaci\u00f3n, Psicoeducaci\u00f3n y [&hellip;]<\/p>\n","protected":false},"author":5,"featured_media":0,"parent":341,"menu_order":0,"comment_status":"open","ping_status":"open","template":"","meta":{"footnotes":""},"class_list":["post-1032","page","type-page","status-publish","hentry"],"_links":{"self":[{"href":"https:\/\/www.apolinav.cl\/index.php\/wp-json\/wp\/v2\/pages\/1032","targetHints":{"allow":["GET"]}}],"collection":[{"href":"https:\/\/www.apolinav.cl\/index.php\/wp-json\/wp\/v2\/pages"}],"about":[{"href":"https:\/\/www.apolinav.cl\/index.php\/wp-json\/wp\/v2\/types\/page"}],"author":[{"embeddable":true,"href":"https:\/\/www.apolinav.cl\/index.php\/wp-json\/wp\/v2\/users\/5"}],"replies":[{"embeddable":true,"href":"https:\/\/www.apolinav.cl\/index.php\/wp-json\/wp\/v2\/comments?post=1032"}],"version-history":[{"count":26,"href":"https:\/\/www.apolinav.cl\/index.php\/wp-json\/wp\/v2\/pages\/1032\/revisions"}],"predecessor-version":[{"id":18147,"href":"https:\/\/www.apolinav.cl\/index.php\/wp-json\/wp\/v2\/pages\/1032\/revisions\/18147"}],"up":[{"embeddable":true,"href":"https:\/\/www.apolinav.cl\/index.php\/wp-json\/wp\/v2\/pages\/341"}],"wp:attachment":[{"href":"https:\/\/www.apolinav.cl\/index.php\/wp-json\/wp\/v2\/media?parent=1032"}],"curies":[{"name":"wp","href":"https:\/\/api.w.org\/{rel}","templated":true}]}}