{"id":1015,"date":"2014-07-30T13:17:43","date_gmt":"2014-07-30T13:17:43","guid":{"rendered":"http:\/\/www.apolinav.cl\/proyecto\/?page_id=1015"},"modified":"2020-01-15T20:34:42","modified_gmt":"2020-01-15T20:34:42","slug":"politica-de-privacidad","status":"publish","type":"page","link":"https:\/\/www.apolinav.cl\/index.php\/politica-de-privacidad\/","title":{"rendered":"Pol\u00edtica de Privacidad"},"content":{"rendered":"<p>Conforme a lo dispuesto en el art\u00edculo 19 N\u00ba 4 de la Constituci\u00f3n Pol\u00edtica de la Rep\u00fablica y a las normas pertinentes de la Ley N\u00ba 19.628 sobre protecci\u00f3n de la vida privada y sus modificaciones posteriores, el tratamiento de datos personales que se realiza en\u00a0<a href=\"https:\/\/www.armada.cl\/\">http:\/\/www.armada.cl<\/a>\u00a0de la Armada de Chile, se rige por las siguientes reglas:<\/p>\n<p>La Armada de Chile asegura la confidencialidad de los datos personales de los usuarios que se registren como tales en el sitio Web\u00a0<a href=\"https:\/\/www.armada.cl\/\">http:\/\/www.armada.cl<\/a>\u00a0mediante el o los formulario(s) establecido(s) para esos efectos. Sin perjuicio de sus facultades legales, la Armada de Chile, s\u00f3lo efectuar\u00e1 tratamiento de datos personales respecto de aquellos que han sido entregados voluntariamente por los usuarios en el referido formulario.<\/p>\n<p>Los datos personales de los usuarios ser\u00e1n utilizados para el cumplimiento de los fines indicados en el formulario correspondiente y siempre dentro de la competencia y atribuciones de la Armada de Chile.<\/p>\n<p>El tratamiento de los datos personales de los usuarios en el sitio Web\u00a0<a href=\"https:\/\/www.armada.cl\/\">http:\/\/www.armada.cl<\/a>\u00a0estar\u00e1 sujeto a la reserva o secreto a que alude el art\u00edculo 436 del C\u00f3digo de Justicia Militar, y al resguardo de la seguridad de la naci\u00f3n, como lo prescribe el art\u00edculo 15 de la Ley N\u00ba 19.628.<\/p>\n<p>La Armada de Chile, en caso de ser requerida judicialmente al efecto, proceder\u00e1 a comunicar los datos personales de los usuarios que le sean solicitados.<\/p>\n<p>La Armada de Chile podr\u00e1 comunicar a terceros informaci\u00f3n estad\u00edstica elaborada a partir de los datos personales de sus usuarios, sin el consentimiento expreso del titular, cuando de dichos datos no sea posible identificar individualmente a los titulares, de conformidad a la Ley.<\/p>\n<p>El usuario podr\u00e1 en todo momento ejercer los derechos otorgados por la Ley N\u00ba 19.628 y sus modificaciones posteriores. En espec\u00edfico, podr\u00e1:<\/p>\n<p>1.- \u00a0\u00a0\u00a0 Solicitar se modifiquen sus datos personales cuando ellos no sean correctos o no est\u00e9n actualizados, si fuere procedente;<\/p>\n<p>2.- \u00a0\u00a0\u00a0 Solicitar la eliminaci\u00f3n o cancelaci\u00f3n de los datos entregados cuando as\u00ed lo desee, en tanto fuere procedente;<\/p>\n<p>3.- \u00a0\u00a0\u00a0 Solicitar, de conformidad con lo dispuesto en la Ley 19.628, copia del registro alterado en la parte pertinente, si fuere del caso.<\/p>\n<p>&nbsp;<\/p>\n<p><strong>T\u00e9rminos y Condiciones de Uso<\/strong><\/p>\n<p>Al hacer uso de este sitio, usted acepta los t\u00e9rminos y condiciones de manera completa.<\/p>\n<p>La Armada de Chile autoriza la reproducci\u00f3n total o parcial de la informaci\u00f3n contenida en las \u00e1reas no restringidas de su sitio web, bajo la condici\u00f3n de que se mencione a la Armada de Chile como fuente.<\/p>\n<p>El usuario no podr\u00e1 utilizar la informaci\u00f3n entregada en este sitio web para fines comerciales.<\/p>\n<p>Asimismo, el usuario no podr\u00e1 utilizar este sitio web de ninguna manera que pueda ocasionar da\u00f1os en el mismo sitio web o en su acceso.<\/p>\n<p>Tampoco podr\u00e1 usarlo con fines o efectos contrarios a la ley, la moral y el respeto, ni en actividades o acciones que constituyan delitos o que afecten o menoscaben la honra de personas o instituciones.<\/p>\n<p>No se podr\u00e1 usar este sitio web para copiar, almacenar, alojar, transmitir, enviar, usar, publicar o distribuir cualquier material consistente o relacionado con spyware, virus computacionales o cualquier otro relacionado con software malicioso.<\/p>\n<p>&nbsp;<\/p>\n<p><strong>Informaci\u00f3n de los Usuarios<\/strong><\/p>\n<p>La Armada de Chile ha velado previamente por la exactitud de los contenidos publicados en su sitio web, pero no asume responsabilidad por la informaci\u00f3n u opiniones de terceros, tales como notas de prensa u otras.<\/p>\n<p>Los contenidos relacionados con los integrantes de la Armada de Chile, ya sea a trav\u00e9s de fotograf\u00edas, im\u00e1genes de video u otros ser\u00e1n utilizados solamente con la finalidad de informar a la comunidad del quehacer institucional.<\/p>\n<p>&nbsp;<\/p>\n<p><strong>Tratamiento de Datos<\/strong><\/p>\n<p>Los datos personales de los usuarios de este sitio web ser\u00e1n tratados de forma confidencial.<\/p>\n<p>Algunas de las modalidades para recopilar esta informaci\u00f3n pueden ser las solicitudes de informaci\u00f3n, el llenado de formularios o las postulaciones a los procesos de admisi\u00f3n institucional, d\u00e1ndose por entendido que la formalizaci\u00f3n y aceptaci\u00f3n de los formularios implican el consentimiento para llevar a cabo dicho tratamiento.<\/p>\n<p>Los datos personales que se registren y procesen en este sitio web, no ser\u00e1n entregados a terceros, salvo que sean requeridos por un tribunal de justicia o una autoridad administrativa competente.<\/p>\n<p>Para efectos de la presente \u201cPol\u00edtica de Privacidad\u201d, se entiende por Usuario a la persona que voluntariamente se registre en\u00a0<a href=\"https:\/\/www.armada.cl\/\">http:\/\/www.armada.cl<\/a>\u00a0en los formularios especialmente establecidos al efecto. En tanto, Visitante es aquella persona que accede libremente a la informaci\u00f3n disponible en\u00a0http:\/\/www.armada.cl\u00a0sin necesidad de registrarse previamente.<\/p>\n<p>La Armada de Chile se reserva el derecho a modificar la presente Pol\u00edtica de Privacidad en cualquier momento. Es responsabilidad del usuario mantenerse informado acerca de la Pol\u00edtica de Privacidad vigente.<\/p>\n","protected":false},"excerpt":{"rendered":"<p>Conforme a lo dispuesto en el art\u00edculo 19 N\u00ba 4 de la Constituci\u00f3n Pol\u00edtica de la Rep\u00fablica y a las normas pertinentes de la Ley N\u00ba 19.628 sobre protecci\u00f3n de la vida privada y sus modificaciones posteriores, el tratamiento de datos personales que se realiza en\u00a0http:\/\/www.armada.cl\u00a0de la Armada de Chile, se rige por las siguientes [&hellip;]<\/p>\n","protected":false},"author":5,"featured_media":0,"parent":0,"menu_order":0,"comment_status":"open","ping_status":"open","template":"","meta":{"footnotes":""},"class_list":["post-1015","page","type-page","status-publish","hentry"],"_links":{"self":[{"href":"https:\/\/www.apolinav.cl\/index.php\/wp-json\/wp\/v2\/pages\/1015","targetHints":{"allow":["GET"]}}],"collection":[{"href":"https:\/\/www.apolinav.cl\/index.php\/wp-json\/wp\/v2\/pages"}],"about":[{"href":"https:\/\/www.apolinav.cl\/index.php\/wp-json\/wp\/v2\/types\/page"}],"author":[{"embeddable":true,"href":"https:\/\/www.apolinav.cl\/index.php\/wp-json\/wp\/v2\/users\/5"}],"replies":[{"embeddable":true,"href":"https:\/\/www.apolinav.cl\/index.php\/wp-json\/wp\/v2\/comments?post=1015"}],"version-history":[{"count":12,"href":"https:\/\/www.apolinav.cl\/index.php\/wp-json\/wp\/v2\/pages\/1015\/revisions"}],"predecessor-version":[{"id":11887,"href":"https:\/\/www.apolinav.cl\/index.php\/wp-json\/wp\/v2\/pages\/1015\/revisions\/11887"}],"wp:attachment":[{"href":"https:\/\/www.apolinav.cl\/index.php\/wp-json\/wp\/v2\/media?parent=1015"}],"curies":[{"name":"wp","href":"https:\/\/api.w.org\/{rel}","templated":true}]}}